{"id":950,"date":"2025-04-23T15:25:52","date_gmt":"2025-04-23T13:25:52","guid":{"rendered":"https:\/\/ukiyoroom.es\/?page_id=950"},"modified":"2025-04-23T16:54:18","modified_gmt":"2025-04-23T14:54:18","slug":"pilates","status":"publish","type":"page","link":"https:\/\/ukiyoroom.es\/fr\/pilates\/","title":{"rendered":"Pilates"},"content":{"rendered":"<p>[et_pb_section fb_built=\u00a0\u00bb1&Prime; admin_label=\u00a0\u00bbsection\u00a0\u00bb _builder_version=\u00a0\u00bb4.27.4&Prime; background_image=\u00a0\u00bbhttps:\/\/ukiyoroom.es\/wp-content\/uploads\/2024\/02\/quienes-somos-bg.png\u00a0\u00bb global_colors_info=\u00a0\u00bb{}\u00a0\u00bb][et_pb_row admin_label=\u00a0\u00bbrow\u00a0\u00bb _builder_version=\u00a0\u00bb4.16&Prime; background_size=\u00a0\u00bbinitial\u00a0\u00bb background_position=\u00a0\u00bbtop_left\u00a0\u00bb background_repeat=\u00a0\u00bbrepeat\u00a0\u00bb global_colors_info=\u00a0\u00bb{}\u00a0\u00bb][et_pb_column type=\u00a0\u00bb4_4&Prime; _builder_version=\u00a0\u00bb4.16&Prime; custom_padding=\u00a0\u00bb|||\u00a0\u00bb global_colors_info=\u00a0\u00bb{}\u00a0\u00bb custom_padding__hover=\u00a0\u00bb|||\u00a0\u00bb][et_pb_text _builder_version=\u00a0\u00bb4.27.4&Prime; _module_preset=\u00a0\u00bbdefault\u00a0\u00bb hover_enabled=\u00a0\u00bb0&Prime; global_colors_info=\u00a0\u00bb{}\u00a0\u00bb sticky_enabled=\u00a0\u00bb0&Prime;]<\/p>\n<h1 style=\"text-align: center;\">pilates<\/h1>\n<h6 style=\"text-align: center;\">tarifs<\/h6>\n<p>[\/et_pb_text][et_pb_code _builder_version=\u00a0\u00bb4.27.4&Prime; _module_preset=\u00a0\u00bbdefault\u00a0\u00bb global_colors_info=\u00a0\u00bb{}\u00a0\u00bb]    <div class=\"pilates-items\">\n                                    <div class=\"tratamientos-seccion\">\n                                            <img decoding=\"async\" src=\"https:\/\/ukiyoroom.es\/wp-content\/uploads\/2025\/04\/pilates-1.jpg\" alt=\"\">\n                                                                <div style=\"width: 100%\">\n                                                                                                                                <h5 class=\"seccion-title\">tarifs mensuels<\/h5>\n                                                                                                                                                <div class=\"tratamientos-container col-1\">\n                                                                                                                                        <div class=\"tratamiento\">\n                                                    <div class=\"tratamiento-info\">\n                                                                                                                    <p class=\"tratamiento-nombre\">\n                                                                1 cours par semaine                                                                                                                            <\/p>\n                                                                                                                                                                    <\/div>\n                                                                                                            <p class=\"tratamiento-precio\">\n                                                            90\u20ac\/mois                                                        <\/p>\n                                                                                                    <\/div>\n                                                                                            <div class=\"tratamiento\">\n                                                    <div class=\"tratamiento-info\">\n                                                                                                                    <p class=\"tratamiento-nombre\">\n                                                                2 cours par semaine                                                                                                                            <\/p>\n                                                                                                                                                                    <\/div>\n                                                                                                            <p class=\"tratamiento-precio\">\n                                                            160\u20ac\/mois                                                        <\/p>\n                                                                                                    <\/div>\n                                                                                            <div class=\"tratamiento\">\n                                                    <div class=\"tratamiento-info\">\n                                                                                                                    <p class=\"tratamiento-nombre\">\n                                                                3 cours par semaine                                                                                                                            <\/p>\n                                                                                                                                                                    <\/div>\n                                                                                                            <p class=\"tratamiento-precio\">\n                                                            230\u20ac\/mois                                                        <\/p>\n                                                                                                    <\/div>\n                                                                                        <\/div>\n                                                                                                                                                                                        <div class=\"separador left\">&nbsp;<\/div>\n                                                                                                                                                                                                                    <\/div>\n                                                            <\/div>\n                                    <div class=\"tratamientos-seccion\">\n                                            <img decoding=\"async\" src=\"https:\/\/ukiyoroom.es\/wp-content\/uploads\/2025\/04\/pilates-2.jpg\" alt=\"\">\n                                                                <div style=\"width: 100%\">\n                                                                                                                                <h5 class=\"seccion-title\">tarif par classe<\/h5>\n                                                                                                                                            <div class=\"tratamientos-container pb-0 col-2\">\n                                                                                                                                    <div class=\"tratamiento\">\n                                                    <div class=\"tratamiento-info\">\n                                                                                                                    <p class=\"tratamiento-nombre\">\n                                                                1 seule s\u00e9ance                                                                                                                            <\/p>\n                                                                                                                                                                    <\/div>\n                                                                                                            <p class=\"tratamiento-precio\">\n                                                            25\u20ac                                                        <\/p>\n                                                                                                    <\/div>\n                                                                                        <\/div>\n                                                                                                                            <p class=\"seccion-conmentario\">*pour un entra\u00eenement personnalis\u00e9, n'h\u00e9sitez pas \u00e0 nous <a href=\"\/fr\/reservation\/\">contacter<\/a>.<\/p>\n                                                                                                                    <\/div>\n                                                            <\/div>\n                                                    <\/div>\n            [\/et_pb_code][\/et_pb_column][\/et_pb_row][\/et_pb_section]<\/p>\n","protected":false},"excerpt":{"rendered":"<p>pilates tarifs    <div class=\"pilates-items\">\n                                    <div class=\"tratamientos-seccion\">\n                                            <img decoding=\"async\" src=\"https:\/\/ukiyoroom.es\/wp-content\/uploads\/2025\/04\/pilates-1.jpg\" alt=\"\">\n                                                                <div style=\"width: 100%\">\n                                                                                                                                <h5 class=\"seccion-title\">tarifs mensuels<\/h5>\n                                                                                                                                                <div class=\"tratamientos-container col-1\">\n                                                                                                                                        <div class=\"tratamiento\">\n                                                    <div class=\"tratamiento-info\">\n                                                                                                                    <p class=\"tratamiento-nombre\">\n                                                                1 cours par semaine                                                                                                                            <\/p>\n                                                                                                                                                                    <\/div>\n                                                                                                            <p class=\"tratamiento-precio\">\n                                                            90\u20ac\/mois                                                        <\/p>\n                                                                                                    <\/div>\n                                                                                            <div class=\"tratamiento\">\n                                                    <div class=\"tratamiento-info\">\n                                                                                                                    <p class=\"tratamiento-nombre\">\n                                                                2 cours par semaine                                                                                                                            <\/p>\n                                                                                                                                                                    <\/div>\n                                                                                                            <p class=\"tratamiento-precio\">\n                                                            160\u20ac\/mois                                                        <\/p>\n                                                                                                    <\/div>\n                                                                                            <div class=\"tratamiento\">\n                                                    <div class=\"tratamiento-info\">\n                                                                                                                    <p class=\"tratamiento-nombre\">\n                                                                3 cours par semaine                                                                                                                            <\/p>\n                                                                                                                                                                    <\/div>\n                                                                                                            <p class=\"tratamiento-precio\">\n                                                            230\u20ac\/mois                                                        <\/p>\n                                                                                                    <\/div>\n                                                                                        <\/div>\n                                                                                                                                                                                        <div class=\"separador left\">&nbsp;<\/div>\n                                                                                                                                                                                                                    <\/div>\n                                                            <\/div>\n                                    <div class=\"tratamientos-seccion\">\n                                            <img decoding=\"async\" src=\"https:\/\/ukiyoroom.es\/wp-content\/uploads\/2025\/04\/pilates-2.jpg\" alt=\"\">\n                                                                <div style=\"width: 100%\">\n                                                                                                                                <h5 class=\"seccion-title\">tarif par classe<\/h5>\n                                                                                                                                            <div class=\"tratamientos-container pb-0 col-2\">\n                                                                                                                                    <div class=\"tratamiento\">\n                                                    <div class=\"tratamiento-info\">\n                                                                                                                    <p class=\"tratamiento-nombre\">\n                                                                1 seule s\u00e9ance                                                                                                                            <\/p>\n                                                                                                                                                                    <\/div>\n                                                                                                            <p class=\"tratamiento-precio\">\n                                                            25\u20ac                                                        <\/p>\n                                                                                                    <\/div>\n                                                                                        <\/div>\n                                                                                                                            <p class=\"seccion-conmentario\">*pour un entra\u00eenement personnalis\u00e9, n'h\u00e9sitez pas \u00e0 nous <a href=\"\/fr\/reservation\/\">contacter<\/a>.<\/p>\n                                                                                                                    <\/div>\n                                                            <\/div>\n                                                    <\/div>\n            <\/p>\n","protected":false},"author":1,"featured_media":0,"parent":0,"menu_order":0,"comment_status":"closed","ping_status":"closed","template":"","meta":{"_et_pb_use_builder":"on","_et_pb_old_content":"","_et_gb_content_width":"","footnotes":""},"class_list":["post-950","page","type-page","status-publish","hentry"],"acf":[],"yoast_head":"<!-- This site is optimized with the Yoast SEO Premium plugin v20.12 (Yoast SEO v24.9) - https:\/\/yoast.com\/wordpress\/plugins\/seo\/ -->\n<title>Pilates - Ukiyo<\/title>\n<meta name=\"robots\" content=\"index, follow, max-snippet:-1, max-image-preview:large, max-video-preview:-1\" \/>\n<link rel=\"canonical\" href=\"https:\/\/ukiyoroom.es\/fr\/pilates\/\" \/>\n<meta property=\"og:locale\" content=\"fr_FR\" \/>\n<meta property=\"og:type\" content=\"article\" \/>\n<meta property=\"og:title\" content=\"Pilates\" \/>\n<meta property=\"og:description\" content=\"pilates tarifs\" \/>\n<meta property=\"og:url\" content=\"https:\/\/ukiyoroom.es\/fr\/pilates\/\" \/>\n<meta property=\"og:site_name\" content=\"Ukiyo\" \/>\n<meta property=\"article:modified_time\" content=\"2025-04-23T14:54:18+00:00\" \/>\n<meta name=\"twitter:card\" content=\"summary_large_image\" \/>\n<meta name=\"twitter:label1\" content=\"Dur\u00e9e de lecture estim\u00e9e\" \/>\n\t<meta name=\"twitter:data1\" content=\"1 minute\" \/>\n<script type=\"application\/ld+json\" class=\"yoast-schema-graph\">{\"@context\":\"https:\/\/schema.org\",\"@graph\":[{\"@type\":\"WebPage\",\"@id\":\"https:\/\/ukiyoroom.es\/fr\/pilates\/\",\"url\":\"https:\/\/ukiyoroom.es\/fr\/pilates\/\",\"name\":\"Pilates - Ukiyo\",\"isPartOf\":{\"@id\":\"https:\/\/ukiyoroom.es\/fr\/#website\"},\"datePublished\":\"2025-04-23T13:25:52+00:00\",\"dateModified\":\"2025-04-23T14:54:18+00:00\",\"breadcrumb\":{\"@id\":\"https:\/\/ukiyoroom.es\/fr\/pilates\/#breadcrumb\"},\"inLanguage\":\"fr-FR\",\"potentialAction\":[{\"@type\":\"ReadAction\",\"target\":[\"https:\/\/ukiyoroom.es\/fr\/pilates\/\"]}]},{\"@type\":\"BreadcrumbList\",\"@id\":\"https:\/\/ukiyoroom.es\/fr\/pilates\/#breadcrumb\",\"itemListElement\":[{\"@type\":\"ListItem\",\"position\":1,\"name\":\"Portada\",\"item\":\"https:\/\/ukiyoroom.es\/fr\/\"},{\"@type\":\"ListItem\",\"position\":2,\"name\":\"Pilates\"}]},{\"@type\":\"WebSite\",\"@id\":\"https:\/\/ukiyoroom.es\/fr\/#website\",\"url\":\"https:\/\/ukiyoroom.es\/fr\/\",\"name\":\"Ukiyo\",\"description\":\"\",\"potentialAction\":[{\"@type\":\"SearchAction\",\"target\":{\"@type\":\"EntryPoint\",\"urlTemplate\":\"https:\/\/ukiyoroom.es\/fr\/?s={search_term_string}\"},\"query-input\":{\"@type\":\"PropertyValueSpecification\",\"valueRequired\":true,\"valueName\":\"search_term_string\"}}],\"inLanguage\":\"fr-FR\"}]}<\/script>\n<!-- \/ Yoast SEO Premium plugin. -->","yoast_head_json":{"title":"Pilates - Ukiyo","robots":{"index":"index","follow":"follow","max-snippet":"max-snippet:-1","max-image-preview":"max-image-preview:large","max-video-preview":"max-video-preview:-1"},"canonical":"https:\/\/ukiyoroom.es\/fr\/pilates\/","og_locale":"fr_FR","og_type":"article","og_title":"Pilates","og_description":"pilates tarifs","og_url":"https:\/\/ukiyoroom.es\/fr\/pilates\/","og_site_name":"Ukiyo","article_modified_time":"2025-04-23T14:54:18+00:00","twitter_card":"summary_large_image","twitter_misc":{"Dur\u00e9e de lecture estim\u00e9e":"1 minute"},"schema":{"@context":"https:\/\/schema.org","@graph":[{"@type":"WebPage","@id":"https:\/\/ukiyoroom.es\/fr\/pilates\/","url":"https:\/\/ukiyoroom.es\/fr\/pilates\/","name":"Pilates - Ukiyo","isPartOf":{"@id":"https:\/\/ukiyoroom.es\/fr\/#website"},"datePublished":"2025-04-23T13:25:52+00:00","dateModified":"2025-04-23T14:54:18+00:00","breadcrumb":{"@id":"https:\/\/ukiyoroom.es\/fr\/pilates\/#breadcrumb"},"inLanguage":"fr-FR","potentialAction":[{"@type":"ReadAction","target":["https:\/\/ukiyoroom.es\/fr\/pilates\/"]}]},{"@type":"BreadcrumbList","@id":"https:\/\/ukiyoroom.es\/fr\/pilates\/#breadcrumb","itemListElement":[{"@type":"ListItem","position":1,"name":"Portada","item":"https:\/\/ukiyoroom.es\/fr\/"},{"@type":"ListItem","position":2,"name":"Pilates"}]},{"@type":"WebSite","@id":"https:\/\/ukiyoroom.es\/fr\/#website","url":"https:\/\/ukiyoroom.es\/fr\/","name":"Ukiyo","description":"","potentialAction":[{"@type":"SearchAction","target":{"@type":"EntryPoint","urlTemplate":"https:\/\/ukiyoroom.es\/fr\/?s={search_term_string}"},"query-input":{"@type":"PropertyValueSpecification","valueRequired":true,"valueName":"search_term_string"}}],"inLanguage":"fr-FR"}]}},"_links":{"self":[{"href":"https:\/\/ukiyoroom.es\/fr\/wp-json\/wp\/v2\/pages\/950","targetHints":{"allow":["GET"]}}],"collection":[{"href":"https:\/\/ukiyoroom.es\/fr\/wp-json\/wp\/v2\/pages"}],"about":[{"href":"https:\/\/ukiyoroom.es\/fr\/wp-json\/wp\/v2\/types\/page"}],"author":[{"embeddable":true,"href":"https:\/\/ukiyoroom.es\/fr\/wp-json\/wp\/v2\/users\/1"}],"replies":[{"embeddable":true,"href":"https:\/\/ukiyoroom.es\/fr\/wp-json\/wp\/v2\/comments?post=950"}],"version-history":[{"count":3,"href":"https:\/\/ukiyoroom.es\/fr\/wp-json\/wp\/v2\/pages\/950\/revisions"}],"predecessor-version":[{"id":988,"href":"https:\/\/ukiyoroom.es\/fr\/wp-json\/wp\/v2\/pages\/950\/revisions\/988"}],"wp:attachment":[{"href":"https:\/\/ukiyoroom.es\/fr\/wp-json\/wp\/v2\/media?parent=950"}],"curies":[{"name":"wp","href":"https:\/\/api.w.org\/{rel}","templated":true}]}}