{"id":483,"date":"2024-04-03T15:33:09","date_gmt":"2024-04-03T13:33:09","guid":{"rendered":"https:\/\/ukiyoroom.es\/?page_id=483"},"modified":"2024-04-30T11:39:53","modified_gmt":"2024-04-30T09:39:53","slug":"politique-confidentialite","status":"publish","type":"page","link":"https:\/\/ukiyoroom.es\/fr\/politique-confidentialite\/","title":{"rendered":"Politique de confidentialit\u00e9"},"content":{"rendered":"<p>[et_pb_section fb_built=\u00a0\u00bb1&Prime; admin_label=\u00a0\u00bbsection\u00a0\u00bb _builder_version=\u00a0\u00bb4.16&Prime; global_colors_info=\u00a0\u00bb{}\u00a0\u00bb][et_pb_row admin_label=\u00a0\u00bbrow\u00a0\u00bb _builder_version=\u00a0\u00bb4.16&Prime; background_size=\u00a0\u00bbinitial\u00a0\u00bb background_position=\u00a0\u00bbtop_left\u00a0\u00bb background_repeat=\u00a0\u00bbrepeat\u00a0\u00bb global_colors_info=\u00a0\u00bb{}\u00a0\u00bb][et_pb_column type=\u00a0\u00bb4_4&Prime; _builder_version=\u00a0\u00bb4.16&Prime; custom_padding=\u00a0\u00bb|||\u00a0\u00bb global_colors_info=\u00a0\u00bb{}\u00a0\u00bb custom_padding__hover=\u00a0\u00bb|||\u00a0\u00bb][et_pb_text admin_label=\u00a0\u00bbText\u00a0\u00bb _builder_version=\u00a0\u00bb4.21.0&Prime; background_size=\u00a0\u00bbinitial\u00a0\u00bb background_position=\u00a0\u00bbtop_left\u00a0\u00bb background_repeat=\u00a0\u00bbrepeat\u00a0\u00bb global_colors_info=\u00a0\u00bb{}\u00a0\u00bb]<\/p>\n<h1>Pol\u00edtica de privacidad<\/h1>\n<p>&nbsp;<\/p>\n<p><strong>1.RESPONSABLE<\/strong><\/p>\n<p>Datos de contacto del Responsable<\/p>\n<ul>\n<li>El responsable de los datos recabados mediante esta web es MARTA PUCHOL BEAUTY, S.L. con direcci\u00f3n C\/ ARTURO BALDASANO, N\u00ba 1, 28043, MADRID MADRID) Y CIF B72612211. Usted podr\u00e1 contactar con el responsable mediante el siguiente Email <a href=\"mailto:info@ukiyo-room.es\">info@ukiyo-room.es<\/a> o en el tel\u00e9fono <a href=\"tel:915562978\">915562978<\/a>.<\/li>\n<\/ul>\n<p>&nbsp;<\/p>\n<p><b><\/b>Identidad y datos de contacto del representante<\/p>\n<ul>\n<li>MARTA PUCHOL CARRETERO<\/li>\n<\/ul>\n<p>&nbsp;<\/p>\n<p><b><\/b>Datos de contacto del Delegado de Protecci\u00f3n de Datos<\/p>\n<ul>\n<li>La empresa no cuenta con un Delegado de Protecci\u00f3n de Datos<\/li>\n<\/ul>\n<p>&nbsp;<\/p>\n<p><strong>2.FINALIDAD<\/strong><\/p>\n<p><b><\/b>Descripci\u00f3n ampliada de los fines del tratamiento<\/p>\n<ul>\n<li>Comercio electr\u00f3nico Gesti\u00f3n de solicitudes<\/li>\n<\/ul>\n<p>&nbsp;<\/p>\n<p><b><\/b>Plazos o criterios de conservaci\u00f3n de los datos<\/p>\n<ul>\n<li>Conservaremos los datos durante el tiempo que sea necesario para atender la solicitud y cumplir con las obligaciones legales exigidas.<br \/>Los datos que usted nos ha facilitado ser\u00e1n conservados mientras sean necesarios para las finalidades indicadas en el punto 2.A., o tambi\u00e9n ser\u00e1n almacenadas por el tiempo exigido por distintas legislaciones aplicables.<\/li>\n<\/ul>\n<p>&nbsp;<\/p>\n<p>Decisiones automatizadas, perfiles y l\u00f3gica aplicada<\/p>\n<ul>\n<li>Los datos recogidos mediante la p\u00e1gina web no ser\u00e1n utilizados para tomar decisiones automatizadas.<\/li>\n<\/ul>\n<p>&nbsp;<\/p>\n<p><b>3.LEGITIMACI\u00d3N<\/b><\/p>\n<p>Legislaci\u00f3n aplicable<\/p>\n<ul>\n<li>La legislaci\u00f3n aplicada es el Reglamento General de Protecci\u00f3n de Datos 2016\/679 de 27 de abril de 2016 as\u00ed como la Ley Org\u00e1nica 3\/2018, de 5 de diciembre, de Protecci\u00f3n de Datos Personales y garant\u00eda de los derechos digitales.<\/li>\n<\/ul>\n<p>&nbsp;<\/p>\n<p>Detalles de la base jur\u00eddica del tratamiento, en los casos de obligaci\u00f3n legal, inter\u00e9s p\u00fablico o inter\u00e9s p\u00fablico o inter\u00e9s leg\u00edtimo<\/p>\n<ul>\n<li>Art. 6, apartado 1 letra a. Que considera el consentimiento del interesado como una base leg\u00edtima para el tratamiento de datos personales contenidos en este fichero.<\/li>\n<li>Art. 6, apartado 1 letra b. Que considera la ejecuci\u00f3n de un contrato como una base leg\u00edtima para el tratamiento de datos personales contenidos en este fichero.<\/li>\n<\/ul>\n<p>&nbsp;<\/p>\n<p>Obligaci\u00f3n o no de facilitar datos y consecuencias de no hacerlo<\/p>\n<ul>\n<li>No est\u00e1 obligado a facilitarnos los datos, sin embargo, ser\u00e1 necesario para poder gestionar las sugerencias o peticiones que necesite hacernos mediante la p\u00e1gina web.<\/li>\n<\/ul>\n<p>&nbsp;<\/p>\n<p><b>4.DESTINATARIOS<\/b><\/p>\n<p>Destinatarios<\/p>\n<ul>\n<li>Organizaciones o personas directamente relacionadas con la empresa, Administraci\u00f3n p\u00fablica con competencia en la materia<\/li>\n<\/ul>\n<p>&nbsp;<\/p>\n<p>Destinatarios espec\u00edficos<\/p>\n<ul>\n<li>No existen<\/li>\n<\/ul>\n<p>&nbsp;<\/p>\n<p>Decisiones de adecuaci\u00f3n, garant\u00edas, normas corporativas vinculantes o situaciones espec\u00edficas aplicables<\/p>\n<ul>\n<li>No existen.<\/li>\n<\/ul>\n<p>&nbsp;<\/p>\n<p>Transferencias internacionales<\/p>\n<ul>\n<li>No existen<\/li>\n<\/ul>\n<p>&nbsp;<\/p>\n<p><b>5.DERECHOS<\/b><\/p>\n<p><b><\/b>C\u00f3mo ejercer los derechos de acceso, rectificaci\u00f3n, supresi\u00f3n y portabilidad de sus datos, y la limitaci\u00f3n u oposici\u00f3n a su tratamiento<\/p>\n<ul>\n<li>El interesado podr\u00e1 conocer, modificar, o eliminar los datos que la empresa posea acerca de su persona mediante correo electr\u00f3nico facilitando su DNI o bien por correo postal a C\/ TORRECILLA DEL PUERTO, N\u00ba 5, 28043, MADRID (MADRID). El interesado podr\u00e1 transferir sus datos a otra entidad o bien limitar los ya existentes que la empresa posea acerca de su persona mediante correo electr\u00f3nico facilitando su DNI o bien por correo postal a C\/ TORRECILLA DEL PUERTO, N\u00ba 5, 28043, MADRID (MADRID).<\/li>\n<\/ul>\n<p>&nbsp;<\/p>\n<p><b><\/b>Derecho a retirar el Consentimiento prestado<\/p>\n<ul>\n<li>El interesado podr\u00e1 retirar los datos que la empresa posee acerca de su persona mediante correo electr\u00f3nico facilitando su DNI o bien por correo postal a C\/ TORRECILLA DEL PUERTO, N\u00ba 5, 28043, MADRID (MADRID).<\/li>\n<\/ul>\n<p>&nbsp;<\/p>\n<p><b><\/b>Derecho a reclamar ante la Autoridad de Control<\/p>\n<ul>\n<li>El interesado podr\u00e1 reclamar ante la Agencia Espa\u00f1ola de Protecci\u00f3n de Datos acerca de toda incidencia que pueda surgirle.<\/li>\n<\/ul>\n<p>&nbsp;<\/p>\n<p><b>6.PROCEDENCIA<\/b><\/p>\n<p><b><\/b>Informaci\u00f3n detallada del origen de los datos facilitados por el propio interesado<\/p>\n<p><b><\/b>Categor\u00edas de datos que se tratan<\/p>\n<p>&nbsp;<\/p>\n<ul>\n<li>Nombre y Apellidos<\/li>\n<li>Direcci\u00f3n<\/li>\n<li>Tel\u00e9fono<\/li>\n<li>Email<\/li>\n<\/ul>\n<p>[\/et_pb_text][\/et_pb_column][\/et_pb_row][\/et_pb_section]<\/p>\n","protected":false},"excerpt":{"rendered":"<p>Pol\u00edtica de privacidad &nbsp; 1.RESPONSABLE Datos de contacto del Responsable El responsable de los datos recabados mediante esta web es MARTA PUCHOL BEAUTY, S.L. con direcci\u00f3n C\/ ARTURO BALDASANO, N\u00ba 1, 28043, MADRID MADRID) Y CIF B72612211. Usted podr\u00e1 contactar con el responsable mediante el siguiente Email info@ukiyo-room.es o en el tel\u00e9fono 915562978. &nbsp; Identidad [&hellip;]<\/p>\n","protected":false},"author":1,"featured_media":0,"parent":0,"menu_order":0,"comment_status":"closed","ping_status":"closed","template":"","meta":{"_et_pb_use_builder":"on","_et_pb_old_content":"<p>Pol\u00edtica de privacidad<\/p>","_et_gb_content_width":"","footnotes":""},"class_list":["post-483","page","type-page","status-publish","hentry"],"acf":[],"yoast_head":"<!-- This site is optimized with the Yoast SEO Premium plugin v20.12 (Yoast SEO v24.9) - https:\/\/yoast.com\/wordpress\/plugins\/seo\/ -->\n<title>Politique de confidentialit\u00e9 - Ukiyo<\/title>\n<meta name=\"description\" content=\"Belleza, cosm\u00e9tica y cuidado personal.\" \/>\n<meta name=\"robots\" content=\"index, follow, max-snippet:-1, max-image-preview:large, max-video-preview:-1\" \/>\n<link rel=\"canonical\" href=\"https:\/\/ukiyoroom.es\/fr\/politique-confidentialite\/\" \/>\n<meta property=\"og:locale\" content=\"fr_FR\" \/>\n<meta property=\"og:type\" content=\"article\" \/>\n<meta property=\"og:title\" content=\"Politique de confidentialit\u00e9\" \/>\n<meta property=\"og:description\" content=\"Belleza, cosm\u00e9tica y cuidado personal.\" \/>\n<meta property=\"og:url\" content=\"https:\/\/ukiyoroom.es\/fr\/politique-confidentialite\/\" \/>\n<meta property=\"og:site_name\" content=\"Ukiyo\" \/>\n<meta property=\"article:modified_time\" content=\"2024-04-30T09:39:53+00:00\" \/>\n<meta property=\"og:image\" content=\"https:\/\/ukiyoroom.es\/wp-content\/uploads\/2024\/04\/sharing-social.jpg\" \/>\n\t<meta property=\"og:image:width\" content=\"1200\" \/>\n\t<meta property=\"og:image:height\" content=\"630\" \/>\n\t<meta property=\"og:image:type\" content=\"image\/jpeg\" \/>\n<meta name=\"twitter:card\" content=\"summary_large_image\" \/>\n<meta name=\"twitter:label1\" content=\"Dur\u00e9e de lecture estim\u00e9e\" \/>\n\t<meta name=\"twitter:data1\" content=\"3 minutes\" \/>\n<script type=\"application\/ld+json\" class=\"yoast-schema-graph\">{\"@context\":\"https:\/\/schema.org\",\"@graph\":[{\"@type\":\"WebPage\",\"@id\":\"https:\/\/ukiyoroom.es\/fr\/politique-confidentialite\/\",\"url\":\"https:\/\/ukiyoroom.es\/fr\/politique-confidentialite\/\",\"name\":\"Politique de confidentialit\u00e9 - Ukiyo\",\"isPartOf\":{\"@id\":\"https:\/\/ukiyoroom.es\/fr\/#website\"},\"datePublished\":\"2024-04-03T13:33:09+00:00\",\"dateModified\":\"2024-04-30T09:39:53+00:00\",\"description\":\"Belleza, cosm\u00e9tica y cuidado personal.\",\"breadcrumb\":{\"@id\":\"https:\/\/ukiyoroom.es\/fr\/politique-confidentialite\/#breadcrumb\"},\"inLanguage\":\"fr-FR\",\"potentialAction\":[{\"@type\":\"ReadAction\",\"target\":[\"https:\/\/ukiyoroom.es\/fr\/politique-confidentialite\/\"]}]},{\"@type\":\"BreadcrumbList\",\"@id\":\"https:\/\/ukiyoroom.es\/fr\/politique-confidentialite\/#breadcrumb\",\"itemListElement\":[{\"@type\":\"ListItem\",\"position\":1,\"name\":\"Portada\",\"item\":\"https:\/\/ukiyoroom.es\/fr\/\"},{\"@type\":\"ListItem\",\"position\":2,\"name\":\"Politique de confidentialit\u00e9\"}]},{\"@type\":\"WebSite\",\"@id\":\"https:\/\/ukiyoroom.es\/fr\/#website\",\"url\":\"https:\/\/ukiyoroom.es\/fr\/\",\"name\":\"Ukiyo\",\"description\":\"\",\"potentialAction\":[{\"@type\":\"SearchAction\",\"target\":{\"@type\":\"EntryPoint\",\"urlTemplate\":\"https:\/\/ukiyoroom.es\/fr\/?s={search_term_string}\"},\"query-input\":{\"@type\":\"PropertyValueSpecification\",\"valueRequired\":true,\"valueName\":\"search_term_string\"}}],\"inLanguage\":\"fr-FR\"}]}<\/script>\n<!-- \/ Yoast SEO Premium plugin. -->","yoast_head_json":{"title":"Politique de confidentialit\u00e9 - Ukiyo","description":"Belleza, cosm\u00e9tica y cuidado personal.","robots":{"index":"index","follow":"follow","max-snippet":"max-snippet:-1","max-image-preview":"max-image-preview:large","max-video-preview":"max-video-preview:-1"},"canonical":"https:\/\/ukiyoroom.es\/fr\/politique-confidentialite\/","og_locale":"fr_FR","og_type":"article","og_title":"Politique de confidentialit\u00e9","og_description":"Belleza, cosm\u00e9tica y cuidado personal.","og_url":"https:\/\/ukiyoroom.es\/fr\/politique-confidentialite\/","og_site_name":"Ukiyo","article_modified_time":"2024-04-30T09:39:53+00:00","og_image":[{"width":1200,"height":630,"url":"https:\/\/ukiyoroom.es\/wp-content\/uploads\/2024\/04\/sharing-social.jpg","type":"image\/jpeg"}],"twitter_card":"summary_large_image","twitter_misc":{"Dur\u00e9e de lecture estim\u00e9e":"3 minutes"},"schema":{"@context":"https:\/\/schema.org","@graph":[{"@type":"WebPage","@id":"https:\/\/ukiyoroom.es\/fr\/politique-confidentialite\/","url":"https:\/\/ukiyoroom.es\/fr\/politique-confidentialite\/","name":"Politique de confidentialit\u00e9 - Ukiyo","isPartOf":{"@id":"https:\/\/ukiyoroom.es\/fr\/#website"},"datePublished":"2024-04-03T13:33:09+00:00","dateModified":"2024-04-30T09:39:53+00:00","description":"Belleza, cosm\u00e9tica y cuidado personal.","breadcrumb":{"@id":"https:\/\/ukiyoroom.es\/fr\/politique-confidentialite\/#breadcrumb"},"inLanguage":"fr-FR","potentialAction":[{"@type":"ReadAction","target":["https:\/\/ukiyoroom.es\/fr\/politique-confidentialite\/"]}]},{"@type":"BreadcrumbList","@id":"https:\/\/ukiyoroom.es\/fr\/politique-confidentialite\/#breadcrumb","itemListElement":[{"@type":"ListItem","position":1,"name":"Portada","item":"https:\/\/ukiyoroom.es\/fr\/"},{"@type":"ListItem","position":2,"name":"Politique de confidentialit\u00e9"}]},{"@type":"WebSite","@id":"https:\/\/ukiyoroom.es\/fr\/#website","url":"https:\/\/ukiyoroom.es\/fr\/","name":"Ukiyo","description":"","potentialAction":[{"@type":"SearchAction","target":{"@type":"EntryPoint","urlTemplate":"https:\/\/ukiyoroom.es\/fr\/?s={search_term_string}"},"query-input":{"@type":"PropertyValueSpecification","valueRequired":true,"valueName":"search_term_string"}}],"inLanguage":"fr-FR"}]}},"_links":{"self":[{"href":"https:\/\/ukiyoroom.es\/fr\/wp-json\/wp\/v2\/pages\/483","targetHints":{"allow":["GET"]}}],"collection":[{"href":"https:\/\/ukiyoroom.es\/fr\/wp-json\/wp\/v2\/pages"}],"about":[{"href":"https:\/\/ukiyoroom.es\/fr\/wp-json\/wp\/v2\/types\/page"}],"author":[{"embeddable":true,"href":"https:\/\/ukiyoroom.es\/fr\/wp-json\/wp\/v2\/users\/1"}],"replies":[{"embeddable":true,"href":"https:\/\/ukiyoroom.es\/fr\/wp-json\/wp\/v2\/comments?post=483"}],"version-history":[{"count":8,"href":"https:\/\/ukiyoroom.es\/fr\/wp-json\/wp\/v2\/pages\/483\/revisions"}],"predecessor-version":[{"id":781,"href":"https:\/\/ukiyoroom.es\/fr\/wp-json\/wp\/v2\/pages\/483\/revisions\/781"}],"wp:attachment":[{"href":"https:\/\/ukiyoroom.es\/fr\/wp-json\/wp\/v2\/media?parent=483"}],"curies":[{"name":"wp","href":"https:\/\/api.w.org\/{rel}","templated":true}]}}