{"id":476,"date":"2024-04-03T15:35:50","date_gmt":"2024-04-03T13:35:50","guid":{"rendered":"https:\/\/ukiyoroom.es\/politica-de-cookies\/"},"modified":"2024-04-30T11:39:13","modified_gmt":"2024-04-30T09:39:13","slug":"politique-cookies","status":"publish","type":"page","link":"https:\/\/ukiyoroom.es\/fr\/politique-cookies\/","title":{"rendered":"Politique Cookies"},"content":{"rendered":"<p>[et_pb_section fb_built=\u00a0\u00bb1&Prime; admin_label=\u00a0\u00bbsection\u00a0\u00bb _builder_version=\u00a0\u00bb4.16&Prime; global_colors_info=\u00a0\u00bb{}\u00a0\u00bb][et_pb_row admin_label=\u00a0\u00bbrow\u00a0\u00bb _builder_version=\u00a0\u00bb4.16&Prime; background_size=\u00a0\u00bbinitial\u00a0\u00bb background_position=\u00a0\u00bbtop_left\u00a0\u00bb background_repeat=\u00a0\u00bbrepeat\u00a0\u00bb global_colors_info=\u00a0\u00bb{}\u00a0\u00bb][et_pb_column type=\u00a0\u00bb4_4&Prime; _builder_version=\u00a0\u00bb4.16&Prime; custom_padding=\u00a0\u00bb|||\u00a0\u00bb global_colors_info=\u00a0\u00bb{}\u00a0\u00bb custom_padding__hover=\u00a0\u00bb|||\u00a0\u00bb][et_pb_text admin_label=\u00a0\u00bbText\u00a0\u00bb _builder_version=\u00a0\u00bb4.21.0&Prime; background_size=\u00a0\u00bbinitial\u00a0\u00bb background_position=\u00a0\u00bbtop_left\u00a0\u00bb background_repeat=\u00a0\u00bbrepeat\u00a0\u00bb global_colors_info=\u00a0\u00bb{}\u00a0\u00bb]<\/p>\n<h1>Pol\u00edtica de cookies<\/h1>\n<p>&nbsp;<\/p>\n<p><strong>1.Introducci\u00f3n<\/strong><\/p>\n<p>La presente Pol\u00edtica de Cookies tiene por finalidad informarte de todos los aspectos relativos al uso de Cookies a trav\u00e9s del sitio web www.XXXXXXX.com (en adelante el Sitio Web), cumpliendo as\u00ed\u0301 con la Ley 34\/2002, de 11 de julio, de Servicios de la Sociedad de la Informaci\u00f3n y Comercio Electr\u00f3nico (LSSI -CE).<\/p>\n<p>&nbsp;<\/p>\n<p><b>2.\u00bfQue\u0301 son las Cookies?<\/b><\/p>\n<p>Las Cookies son ficheros que se descargan en tu terminal o en el dispositivo que est\u00e9s utilizando (Smartphone, Tablet, televisi\u00f3n conectada\u2026) cuando accedes a determinadas p\u00e1ginas web o aplicaciones.<\/p>\n<p>Las cookies permiten, entre otras cosas, recopilar informaci\u00f3n estad\u00edstica, facilitar ciertas funcionalidades t\u00e9cnicas, almacenar y recuperar informaci\u00f3n sobre los h\u00e1bitos de navegaci\u00f3n o preferencias del Usuario o de su terminal y, dependiendo de la informaci\u00f3n que contengan y de la forma en que utilice su equipo, pueden utilizarse para reconocer al Usuario y mejorar el servicio ofrecido.<\/p>\n<p>&nbsp;<\/p>\n<p><b>3.\u00bfQue\u0301 tipos de Cookies hay?<\/b><\/p>\n<p>Seg\u00fan la entidad que las gestione:<\/p>\n<ul>\n<li aria-level=\"1\">Propias: Aquellas que se env\u00edan al terminal del Usuario desde un equipo o dominio gestionado por el propio editor y desde el que se presta el servicio solicitado por el Usuario.<\/li>\n<li aria-level=\"1\">De terceros: Aquellas que se env\u00edan al terminal del usuario desde un equipo o dominio que no es gestionado por el editor, sino por otra entidad que trata los datos obtenidos trav\u00e9s de las cookies. Seg\u00fan su finalidad:<\/li>\n<\/ul>\n<ul>\n<li aria-level=\"2\">T\u00e9cnicas: Aquellas que permiten al Usuario la navegaci\u00f3n a trav\u00e9s de una p\u00e1gina web, plataforma o aplicacio\u0301n y la utilizacio\u0301n de las diferentes opciones o servicios que en ella existan, incluyendo aquellas que el editor utiliza para permitir la gestio\u0301n y operativa de la pa\u0301gina web y habilitar sus funciones y servicios, como, por ejemplo, controlar el tra\u0301fico y la comunicacio\u0301n de datos, identificar la sesio\u0301n, acceder a partes de acceso restringido, recordar los elementos que integran un pedido, realizar el proceso de compra de un pedido, gestionar el pago, controlar el fraude vinculado a la seguridad del servicio, realizar la solicitud de inscripcio\u0301n o participacio\u0301n en un evento, contar visitas a efectos de la facturacio\u0301n de licencias del software con el que funciona el servicio (sitio web, plataforma o aplicacio\u0301n), utilizar elementos de seguridad durante la navegacio\u0301n, almacenar contenidos para la difusio\u0301n de vi\u0301deos o sonido, habilitar contenidos dina\u0301micos (por ejemplo, animacio\u0301n de carga de un texto o imagen) o compartir contenidos a trave\u0301s de redes sociales. Las cookies te\u0301cnicas esta\u0301n exceptuadas del cumplimiento de las obligaciones establecidas en el art\u00edculo 22.2 de la LSSI cuando permitan prestar el servicio solicitado por el usuario. Sin embargo, si estas cookies se utilizan tambi\u00e9n para finalidades no exentas (por ejemplo, para fines publicitarios comportamentales), quedar\u00e1n sujetas a dichas obligaciones.<\/li>\n<li aria-level=\"2\">De preferencias: Aquellas que permiten recordar informaci\u00f3n para que el Usuario acceda al servicio con determinadas caracter\u00edsticas que pueden diferenciar su experiencia de la de otros usuarios, como, por ejemplo, el idioma, el n\u00famero de resultados a mostrar cuando el usuario realiza una b\u00fasqueda, el aspecto o contenido del servicio en funci\u00f3n del tipo de navegador a trav\u00e9s del cual el usuario accede al servicio o de la regi\u00f3n desde la que accede al servicio, etc.<\/li>\n<li aria-level=\"2\">De an\u00e1lisis: Aquellas que permiten el seguimiento y an\u00e1lisis del comportamiento de los usuarios de los sitios web a los que est\u00e1n vinculadas, incluida la cuantificaci\u00f3n de los impactos de los anuncios. La informaci\u00f3n recogida mediante este tipo de cookies se utiliza en la medici\u00f3n de la actividad de los sitios web, aplicaci\u00f3n o plataforma, con el fin de introducir mejoras en funci\u00f3n del an\u00e1lisis de los datos de uso que hacen los usuarios del servicio.<\/li>\n<li aria-level=\"2\">De publicidad comportamental: son aquellas que almacenan informaci\u00f3n del comportamiento de los usuarios obtenida a trav\u00e9s de la observaci\u00f3n continuada de sus h\u00e1bitos de navegaci\u00f3n, lo que permite desarrollar un perfil espec\u00edfico para mostrar publicidad en funci\u00f3n de este.<\/li>\n<\/ul>\n<p>&nbsp;<\/p>\n<p>Seg\u00fan el plazo de tiempo que permanecen activadas:<\/p>\n<ul>\n<li aria-level=\"1\">De sesi\u00f3n: Aquellas dise\u00f1adas para recabar y almacenar datos mientras el usuario accede a una p\u00e1gina web. Se suelen emplear para almacenar informaci\u00f3n que solo interesa conservar para la prestaci\u00f3n del servicio solicitado por el usuario en una sola ocasi\u00f3n (por ejemplo, una lista de productos adquiridos) y desaparecen al terminar la sesi\u00f3n.<\/li>\n<li aria-level=\"1\">Persistentes: Aquellas en las que los datos siguen almacenados en el terminal y pueden ser accedidos y tratados durante un periodo definido por el responsable de la cookie, y que puede ir de unos minutos a varios a\u00f1os.<\/li>\n<\/ul>\n<p>&nbsp;<\/p>\n<p><b>4.\u00bfQue\u0301 Cookies utilizamos en el Sitio Web y con que\u0301 finalidad?<\/b><\/p>\n<p>Las Cookies utilizadas en el Sitio Web son las siguientes:<\/p>\n<p>&nbsp;<\/p>\n<p><b>Cookies necesarias:<\/b><\/p>\n<ul>\n<li aria-level=\"1\">cli_user_preference &#8211; 11 meses<\/li>\n<li aria-level=\"1\">cookielawinfo-checkbox-necesarias &#8211; 11 meses<\/li>\n<li aria-level=\"1\">cookielawinfo-checkbox-estadistica &#8211; 11 meses<\/li>\n<li aria-level=\"1\">CookieLawInfoConsent &#8211; 11 meses<\/li>\n<li aria-level=\"1\">viewed_cookie_policy &#8211; 11 meses<\/li>\n<\/ul>\n<p>&nbsp;<\/p>\n<p><b>Cookies estad\u00edstica:<\/b><\/p>\n<ul>\n<li aria-level=\"1\">_ga &#8211; 2 a\u00f1os<\/li>\n<li aria-level=\"1\">_ga_id &#8211; 2 a\u00f1os<\/li>\n<\/ul>\n<p>&nbsp;<\/p>\n<p><b>5.\u00bfCu\u00e1l es la legitimaci\u00f3n para el tratamiento de tus datos?<\/b><\/p>\n<p>La base jur\u00eddica que legitima el tratamiento de tus datos personales es el consentimiento expreso que nos prestas cuando permites el uso de Cookies del Sitio Web.<\/p>\n<p>&nbsp;<\/p>\n<p><b>6.\u00bfA que\u0301 destinatarios se comunicar\u00e1n tus datos personales?<\/b><\/p>\n<p>Los datos obtenidos a trav\u00e9s del uso de Cookies no ser\u00e1n comunicados a terceros, salvo que dicha comunicaci\u00f3n se deba al cumplimiento de obligaciones legales o que solicitemos tu consentimiento expreso para ello.<\/p>\n<p>&nbsp;<\/p>\n<p><b>7.Derechos<\/b><\/p>\n<p>Puedes visitar la Pol\u00edtica de Privacidad para conocer que\u0301 derechos puedes ejercitar en relaci\u00f3n con el tratamiento de tus datos personales.<\/p>\n<p>&nbsp;<\/p>\n<p><b>8.Infomaci\u00f3n sobre c\u00f3mo aceptar, denegar o revocar el consentimiento para el uso de Cookies<\/b><\/p>\n<p>Cuando accedes al Sitio Web, puedes permitir o bloquear el uso de distintos tipos de Cookies, en bloque, mediante el panel de configuraci\u00f3n que contiene la primera capa de informaci\u00f3n.<\/p>\n<p>Este panel de configuraci\u00f3n diferencia entre:<\/p>\n<ul>\n<li aria-level=\"1\">Cookies Necesarias: (Cookies T\u00e9cnicas). Las cookies necesarias son absolutamente esenciales para que el sitio web funcione correctamente. Esta categor\u00eda solo incluye cookies que garantizan funcionalidades b\u00e1sicas y caracter\u00edsticas de seguridad del sitio web. Estas cookies no almacenan ninguna informaci\u00f3n personal.<\/li>\n<li aria-level=\"1\">Cookies Funcionales: Ayudan a realizar ciertas funcionalidades, como compartir el contenido del sitio web en plataformas de redes sociales, recopilar comentarios y otras caracter\u00edsticas de terceros.<\/li>\n<li aria-level=\"1\">Cookies de Rendimiento: Se utilizan para comprender y analizar los \u00edndices de rendimiento clave del sitio web, lo que ayuda a brindar una mejor experiencia de usuario a los visitantes.<\/li>\n<li aria-level=\"1\">Cookies Publicitarias: Se utilizan para proporcionar a los visitantes anuncios y campa\u00f1as de marketing relevantes. Estas cookies rastrean a los visitantes en los sitios web y recopilan informaci\u00f3n para proporcionar anuncios personalizados.<\/li>\n<li aria-level=\"1\">Cookies Anal\u00edticas: (Cookies de an\u00e1lisis). Las cookies anal\u00edticas se utilizan para determinar el uso de un sitio, pueden rastrear a un usuario individual, pero solo en la medida en que permitan a los usuarios viajar a trav\u00e9s del sitio. No se utilizan para segmentar anuncios (cookies de marketing).<\/li>\n<li aria-level=\"1\">Otras Cookies: Otras cookies no categorizadas son las que se est\u00e1n analizando y a\u00fan no se han clasificado en una categor\u00eda.<\/li>\n<\/ul>\n<p>&nbsp;<\/p>\n<p>Para permitir o bloquear el uso de Cookies pulsa el bot\u00f3n \u201cAjustes\u201d y acceder\u00e1s al panel de configuraci\u00f3n, dentro selecciona que tipo de cookies quieres habilitar y pulsa sobre el bot\u00f3n \u201cGuardar y aceptar\u201d.<\/p>\n<p>Puedes permitir la instalaci\u00f3n de todas las Cookies que utilizamos, desde el banner del panel de configuraci\u00f3n, haciendo clic en el bot\u00f3n \u201cAceptar todas\u201d.<\/p>\n<p>En cualquier caso, las Cookies t\u00e9cnicas o necesarias siempre se instalar\u00e1n, dado que sin ellas no es posible una correcta navegaci\u00f3n y uso del Sitio Web.<\/p>\n<p>Adem\u00e1s, puedes gestionar (permitir, bloquear o eliminar) las Cookies, en cualquier momento, a trav\u00e9s del navegador que est\u00e9s utilizando, pulsando en los siguientes enlaces:<\/p>\n<ul>\n<li aria-level=\"1\">Chrome: <a href=\"http:\/\/support.google.com\/chrome\/bin\/answer.py?hl=e s&amp;answer=95647\" data-wplink-url-error=\"true\">http:\/\/support.google.com\/chrome\/bin\/answer.py?hl=e s&amp;answer=95647<\/a><\/li>\n<li aria-level=\"1\">Explorer: <a href=\"https:\/\/support.microsoft.com\/es-es\/help\/17442\/windows-internet-explorer-delete-manage-cookies\">https:\/\/support.microsoft.com\/es-es\/help\/17442\/windows-internet-explorer-delete-manage-cookies<\/a><\/li>\n<li aria-level=\"1\">Edge: <a href=\"https:\/\/support.microsoft.com\/es-es\/microsoft-edge\/eliminar-las-cookies-en-microsoft-edge-63947406-40ac-c3b8-57b9-2a946a29ae09?msclkid=084a2a2fc0a211ecb10a22442d83e929\">https:\/\/support.microsoft.com\/es-es\/microsoft-edge\/eliminar-las-cookies-en-microsoft-edge-63947406-40ac-c3b8-57b9-2a946a29ae09?msclkid=084a2a2fc0a211ecb10a22442d83e929<\/a><\/li>\n<li aria-level=\"1\">Firefox: <a href=\"http:\/\/support.mozilla.org\/es\/kb\/habilitar-y-deshabilitar-cookies-que-los-sitios-we\">http:\/\/support.mozilla.org\/es\/kb\/habilitar-y-deshabilitar-cookies-que-los-sitios-we<\/a><\/li>\n<li aria-level=\"1\">Safari: <a href=\"https:\/\/support.apple.com\/kb\/PH19214?viewlocale=es_ES&amp;locale=es_ES\">https:\/\/support.apple.com\/kb\/PH19214?viewlocale=es_ES&amp;locale=es_ES<\/a><\/li>\n<li aria-level=\"1\">Opera: <a href=\"http:\/\/help.opera.com\/Windows\/11.50\/es-ES\/cookies.html\">http:\/\/help.opera.com\/Windows\/11.50\/es-ES\/cookies.html<\/a><\/li>\n<\/ul>\n<p>&nbsp;<\/p>\n<p>Puedes inhabilitar Google Analytics a trave\u0301s del siguiente enlace:<\/p>\n<p><a href=\"https:\/\/tools.google.com\/dlpage\/gaoptout?hl=es\">https:\/\/tools.google.com\/dlpage\/gaoptout?hl=es<\/a><\/p>\n<p>Adema\u0301s, existen herramientas de terceros, que permiten a los usuarios detectar las cookies en cada sitio web que visita y gestionar su desactivacio\u0301n, como Ghostery, puedes descargar la extensio\u0301n a trave\u0301s del siguiente enlace: https:\/\/www.ghostery.com\/.<\/p>\n<p>&nbsp;<\/p>\n<p><b>9.Modificacio\u0301n de la Poli\u0301tica de Cookies<\/b><\/p>\n<p>La presente Poli\u0301tica de Cookies puede ser objeto de actualizaciones. En caso de que las modificaciones realizadas modifiquen la finalidad de las Cookies, se solicitara\u0301 de nuevo su consentimiento.<\/p>\n<p>Siempre que realicemos dichas actualizaciones, encontrara\u0301s la u\u0301ltima versio\u0301n de nuestra Poli\u0301tica de Cookies aqui\u0301.<\/p>\n<p>[\/et_pb_text][\/et_pb_column][\/et_pb_row][\/et_pb_section]<\/p>\n","protected":false},"excerpt":{"rendered":"<p>Pol\u00edtica de cookies &nbsp; 1.Introducci\u00f3n La presente Pol\u00edtica de Cookies tiene por finalidad informarte de todos los aspectos relativos al uso de Cookies a trav\u00e9s del sitio web www.XXXXXXX.com (en adelante el Sitio Web), cumpliendo as\u00ed\u0301 con la Ley 34\/2002, de 11 de julio, de Servicios de la Sociedad de la Informaci\u00f3n y Comercio Electr\u00f3nico [&hellip;]<\/p>\n","protected":false},"author":1,"featured_media":0,"parent":0,"menu_order":0,"comment_status":"closed","ping_status":"closed","template":"","meta":{"_et_pb_use_builder":"on","_et_pb_old_content":"<p>Pol\u00edtica de cookies<\/p>","_et_gb_content_width":"","footnotes":""},"class_list":["post-476","page","type-page","status-publish","hentry"],"acf":[],"yoast_head":"<!-- This site is optimized with the Yoast SEO Premium plugin v20.12 (Yoast SEO v24.9) - https:\/\/yoast.com\/wordpress\/plugins\/seo\/ -->\n<title>Politique Cookies - Ukiyo<\/title>\n<meta name=\"description\" content=\"Belleza, cosm\u00e9tica y cuidado personal.\" \/>\n<meta name=\"robots\" content=\"index, follow, max-snippet:-1, max-image-preview:large, max-video-preview:-1\" \/>\n<link rel=\"canonical\" href=\"https:\/\/ukiyoroom.es\/fr\/politique-cookies\/\" \/>\n<meta property=\"og:locale\" content=\"fr_FR\" \/>\n<meta property=\"og:type\" content=\"article\" \/>\n<meta property=\"og:title\" content=\"Politique Cookies\" \/>\n<meta property=\"og:description\" content=\"Belleza, cosm\u00e9tica y cuidado personal.\" \/>\n<meta property=\"og:url\" content=\"https:\/\/ukiyoroom.es\/fr\/politique-cookies\/\" \/>\n<meta property=\"og:site_name\" content=\"Ukiyo\" \/>\n<meta property=\"article:modified_time\" content=\"2024-04-30T09:39:13+00:00\" \/>\n<meta property=\"og:image\" content=\"https:\/\/ukiyoroom.es\/wp-content\/uploads\/2024\/04\/sharing-social.jpg\" \/>\n\t<meta property=\"og:image:width\" content=\"1200\" \/>\n\t<meta property=\"og:image:height\" content=\"630\" \/>\n\t<meta property=\"og:image:type\" content=\"image\/jpeg\" \/>\n<meta name=\"twitter:card\" content=\"summary_large_image\" \/>\n<meta name=\"twitter:label1\" content=\"Dur\u00e9e de lecture estim\u00e9e\" \/>\n\t<meta name=\"twitter:data1\" content=\"7 minutes\" \/>\n<script type=\"application\/ld+json\" class=\"yoast-schema-graph\">{\"@context\":\"https:\/\/schema.org\",\"@graph\":[{\"@type\":\"WebPage\",\"@id\":\"https:\/\/ukiyoroom.es\/fr\/politique-cookies\/\",\"url\":\"https:\/\/ukiyoroom.es\/fr\/politique-cookies\/\",\"name\":\"Politique Cookies - Ukiyo\",\"isPartOf\":{\"@id\":\"https:\/\/ukiyoroom.es\/fr\/#website\"},\"datePublished\":\"2024-04-03T13:35:50+00:00\",\"dateModified\":\"2024-04-30T09:39:13+00:00\",\"description\":\"Belleza, cosm\u00e9tica y cuidado personal.\",\"breadcrumb\":{\"@id\":\"https:\/\/ukiyoroom.es\/fr\/politique-cookies\/#breadcrumb\"},\"inLanguage\":\"fr-FR\",\"potentialAction\":[{\"@type\":\"ReadAction\",\"target\":[\"https:\/\/ukiyoroom.es\/fr\/politique-cookies\/\"]}]},{\"@type\":\"BreadcrumbList\",\"@id\":\"https:\/\/ukiyoroom.es\/fr\/politique-cookies\/#breadcrumb\",\"itemListElement\":[{\"@type\":\"ListItem\",\"position\":1,\"name\":\"Portada\",\"item\":\"https:\/\/ukiyoroom.es\/fr\/\"},{\"@type\":\"ListItem\",\"position\":2,\"name\":\"Politique Cookies\"}]},{\"@type\":\"WebSite\",\"@id\":\"https:\/\/ukiyoroom.es\/fr\/#website\",\"url\":\"https:\/\/ukiyoroom.es\/fr\/\",\"name\":\"Ukiyo\",\"description\":\"\",\"potentialAction\":[{\"@type\":\"SearchAction\",\"target\":{\"@type\":\"EntryPoint\",\"urlTemplate\":\"https:\/\/ukiyoroom.es\/fr\/?s={search_term_string}\"},\"query-input\":{\"@type\":\"PropertyValueSpecification\",\"valueRequired\":true,\"valueName\":\"search_term_string\"}}],\"inLanguage\":\"fr-FR\"}]}<\/script>\n<!-- \/ Yoast SEO Premium plugin. -->","yoast_head_json":{"title":"Politique Cookies - Ukiyo","description":"Belleza, cosm\u00e9tica y cuidado personal.","robots":{"index":"index","follow":"follow","max-snippet":"max-snippet:-1","max-image-preview":"max-image-preview:large","max-video-preview":"max-video-preview:-1"},"canonical":"https:\/\/ukiyoroom.es\/fr\/politique-cookies\/","og_locale":"fr_FR","og_type":"article","og_title":"Politique Cookies","og_description":"Belleza, cosm\u00e9tica y cuidado personal.","og_url":"https:\/\/ukiyoroom.es\/fr\/politique-cookies\/","og_site_name":"Ukiyo","article_modified_time":"2024-04-30T09:39:13+00:00","og_image":[{"width":1200,"height":630,"url":"https:\/\/ukiyoroom.es\/wp-content\/uploads\/2024\/04\/sharing-social.jpg","type":"image\/jpeg"}],"twitter_card":"summary_large_image","twitter_misc":{"Dur\u00e9e de lecture estim\u00e9e":"7 minutes"},"schema":{"@context":"https:\/\/schema.org","@graph":[{"@type":"WebPage","@id":"https:\/\/ukiyoroom.es\/fr\/politique-cookies\/","url":"https:\/\/ukiyoroom.es\/fr\/politique-cookies\/","name":"Politique Cookies - Ukiyo","isPartOf":{"@id":"https:\/\/ukiyoroom.es\/fr\/#website"},"datePublished":"2024-04-03T13:35:50+00:00","dateModified":"2024-04-30T09:39:13+00:00","description":"Belleza, cosm\u00e9tica y cuidado personal.","breadcrumb":{"@id":"https:\/\/ukiyoroom.es\/fr\/politique-cookies\/#breadcrumb"},"inLanguage":"fr-FR","potentialAction":[{"@type":"ReadAction","target":["https:\/\/ukiyoroom.es\/fr\/politique-cookies\/"]}]},{"@type":"BreadcrumbList","@id":"https:\/\/ukiyoroom.es\/fr\/politique-cookies\/#breadcrumb","itemListElement":[{"@type":"ListItem","position":1,"name":"Portada","item":"https:\/\/ukiyoroom.es\/fr\/"},{"@type":"ListItem","position":2,"name":"Politique Cookies"}]},{"@type":"WebSite","@id":"https:\/\/ukiyoroom.es\/fr\/#website","url":"https:\/\/ukiyoroom.es\/fr\/","name":"Ukiyo","description":"","potentialAction":[{"@type":"SearchAction","target":{"@type":"EntryPoint","urlTemplate":"https:\/\/ukiyoroom.es\/fr\/?s={search_term_string}"},"query-input":{"@type":"PropertyValueSpecification","valueRequired":true,"valueName":"search_term_string"}}],"inLanguage":"fr-FR"}]}},"_links":{"self":[{"href":"https:\/\/ukiyoroom.es\/fr\/wp-json\/wp\/v2\/pages\/476","targetHints":{"allow":["GET"]}}],"collection":[{"href":"https:\/\/ukiyoroom.es\/fr\/wp-json\/wp\/v2\/pages"}],"about":[{"href":"https:\/\/ukiyoroom.es\/fr\/wp-json\/wp\/v2\/types\/page"}],"author":[{"embeddable":true,"href":"https:\/\/ukiyoroom.es\/fr\/wp-json\/wp\/v2\/users\/1"}],"replies":[{"embeddable":true,"href":"https:\/\/ukiyoroom.es\/fr\/wp-json\/wp\/v2\/comments?post=476"}],"version-history":[{"count":8,"href":"https:\/\/ukiyoroom.es\/fr\/wp-json\/wp\/v2\/pages\/476\/revisions"}],"predecessor-version":[{"id":779,"href":"https:\/\/ukiyoroom.es\/fr\/wp-json\/wp\/v2\/pages\/476\/revisions\/779"}],"wp:attachment":[{"href":"https:\/\/ukiyoroom.es\/fr\/wp-json\/wp\/v2\/media?parent=476"}],"curies":[{"name":"wp","href":"https:\/\/api.w.org\/{rel}","templated":true}]}}