{"id":191,"date":"2024-02-27T10:14:50","date_gmt":"2024-02-27T09:14:50","guid":{"rendered":"https:\/\/ukiyoroom.es\/?page_id=191"},"modified":"2025-04-23T13:39:08","modified_gmt":"2025-04-23T11:39:08","slug":"reservation","status":"publish","type":"page","link":"https:\/\/ukiyoroom.es\/fr\/reservation\/","title":{"rendered":"R\u00e9servation"},"content":{"rendered":"<p>[et_pb_section fb_built=\u00a0\u00bb1&Prime; _builder_version=\u00a0\u00bb4.21.0&Prime; _module_preset=\u00a0\u00bbdefault\u00a0\u00bb background_image=\u00a0\u00bbhttps:\/\/ukiyoroom.es\/wp-content\/uploads\/2024\/05\/ukiyo-logo-v4.png\u00a0\u00bb global_colors_info=\u00a0\u00bb{}\u00a0\u00bb][et_pb_row column_structure=\u00a0\u00bb1_2,1_2&Prime; _builder_version=\u00a0\u00bb4.21.0&Prime; _module_preset=\u00a0\u00bbdefault\u00a0\u00bb global_colors_info=\u00a0\u00bb{}\u00a0\u00bb][et_pb_column type=\u00a0\u00bb1_2&Prime; _builder_version=\u00a0\u00bb4.21.0&Prime; _module_preset=\u00a0\u00bbdefault\u00a0\u00bb global_colors_info=\u00a0\u00bb{}\u00a0\u00bb][et_pb_text _builder_version=\u00a0\u00bb4.21.0&Prime; _module_preset=\u00a0\u00bbdefault\u00a0\u00bb global_colors_info=\u00a0\u00bb{}\u00a0\u00bb]<\/p>\n<h2 style=\"text-align: center;\">Nous vous attendons<\/h2>\n<p>[\/et_pb_text][et_pb_text _builder_version=\u00a0\u00bb4.27.4&Prime; _module_preset=\u00a0\u00bbdefault\u00a0\u00bb hover_enabled=\u00a0\u00bb0&Prime; global_colors_info=\u00a0\u00bb{}\u00a0\u00bb sticky_enabled=\u00a0\u00bb0&Prime;]<\/p>\n<p style=\"text-align: center;\"><img decoding=\"async\" class=\"alignleft wp-image-77 size-full\" src=\"https:\/\/ukiyoroom.es\/wp-content\/uploads\/2024\/02\/location-icon.svg\" alt=\"\" \/><a class=\"direction\" href=\"https:\/\/maps.app.goo.gl\/a2Nimz7kvhEj4ueMA\" target=\"_blank\" rel=\"noopener\">C\/ Asura 111 28043 Madrid<\/a><\/p>\n<h5 style=\"text-align: center;\">Rendez-vous par t\u00e9l\u00e9phone<br \/>aux <a class=\"phones\" href=\"tel:+34915562978\">915 562 978<\/a> \/ <a class=\"phones\" href=\"tel:+34649542682\">649 542 682<\/a> ou en <a href=\"https:\/\/widget.treatwell.es\/establecimiento\/ukiyo-room\/\" target=\"_blank\" rel=\"noopener\"><span style=\"text-decoration: underline;\">ligne<\/span><\/a><\/h5>\n<h5 style=\"text-align: center;\">Faites votre consultation \u00e0 <a href=\"mailto:info@ukiyo-room.es\">info@ukiyo-room.es<\/a><\/h5>\n<p>[\/et_pb_text][et_pb_code module_class=\u00a0\u00bbseparator\u00a0\u00bb _builder_version=\u00a0\u00bb4.27.4&Prime; _module_preset=\u00a0\u00bbdefault\u00a0\u00bb global_colors_info=\u00a0\u00bb{}\u00a0\u00bb][\/et_pb_code][et_pb_text _builder_version=\u00a0\u00bb4.27.4&Prime; _module_preset=\u00a0\u00bbdefault\u00a0\u00bb global_colors_info=\u00a0\u00bb{}\u00a0\u00bb]<\/p>\n<h4 style=\"text-align: center;\">studio de pilates pour le soin du corps et de l&rsquo;esprit<\/h4>\n<p style=\"text-align: center;\"><img decoding=\"async\" class=\"alignleft wp-image-77 size-full\" src=\"https:\/\/ukiyoroom.es\/wp-content\/uploads\/2024\/02\/location-icon.svg\" alt=\"\" \/><a href=\"https:\/\/maps.app.goo.gl\/gBTJTKhFLsjKwcuTA\" target=\"_blank\" rel=\"noopener\">C\/ Torrecilla del Puerto,5, 28043 Madrid<\/a><\/p>\n<h5 style=\"text-align: center;\">Prenez rendez-vous au <a class=\"phones\" href=\"tel:+34686366274\">686 366 274<\/a><br \/>Envoyez vos demandes \u00e0 <a class=\"email\" href=\"mailto:info@ukiyo-room.es\">info@ukiyo-room.es<\/a><\/h5>\n<p>[\/et_pb_text][\/et_pb_column][et_pb_column type=\u00a0\u00bb1_2&Prime; _builder_version=\u00a0\u00bb4.21.0&Prime; _module_preset=\u00a0\u00bbdefault\u00a0\u00bb global_colors_info=\u00a0\u00bb{}\u00a0\u00bb][et_pb_code _builder_version=\u00a0\u00bb4.21.0&Prime; _module_preset=\u00a0\u00bbdefault\u00a0\u00bb global_colors_info=\u00a0\u00bb{}\u00a0\u00bb]    <div class=\"swiper swiper-reservas\">\n        <div class=\"swiper-wrapper\">\n            <div class=\"swiper-slide\">\n                <img decoding=\"async\" src=\"\/wp-content\/uploads\/2024\/02\/reserva-slide-1-color.jpg\" alt=\"slide 1 color\">\n                <img decoding=\"async\" class=\"bn-cover\" src=\"\/wp-content\/uploads\/2024\/02\/reserva-slide-1-bn.png\" alt=\"slide 1 b&n\">\n            <\/div>\n            <div class=\"swiper-slide\">\n                <img decoding=\"async\" src=\"\/wp-content\/uploads\/2024\/02\/reserva-slide-2-color.jpg\" alt=\"slide 2 color\">\n                <img decoding=\"async\" class=\"bn-cover\" src=\"\/wp-content\/uploads\/2024\/02\/reserva-slide-2-bn.png\" alt=\"slide 2 b&n\">\n            <\/div>\n            <div class=\"swiper-slide\">\n                <img decoding=\"async\" src=\"\/wp-content\/uploads\/2024\/02\/reserva-slide-3-color.jpg\" alt=\"slide 3 color\">\n                <img decoding=\"async\" class=\"bn-cover\" src=\"\/wp-content\/uploads\/2024\/02\/reserva-slide-3-bn.png\" alt=\"slide 3 b&n\">\n            <\/div>\n        <\/div>\n    <\/div>\n[\/et_pb_code][\/et_pb_column][\/et_pb_row][\/et_pb_section]<\/p>\n","protected":false},"excerpt":{"rendered":"<p>Nous vous attendonsC\/ Asura 111 28043 Madrid Rendez-vous par t\u00e9l\u00e9phoneaux 915 562 978 \/ 649 542 682 ou en ligne Faites votre consultation \u00e0 info@ukiyo-room.esstudio de pilates pour le soin du corps et de l&rsquo;esprit C\/ Torrecilla del Puerto,5, 28043 Madrid Prenez rendez-vous au 686 366 274Envoyez vos demandes \u00e0 info@ukiyo-room.es    <div class=\"swiper swiper-reservas\">\n        <div class=\"swiper-wrapper\">\n            <div class=\"swiper-slide\">\n                <img decoding=\"async\" src=\"\/wp-content\/uploads\/2024\/02\/reserva-slide-1-color.jpg\" alt=\"slide 1 color\">\n                <img decoding=\"async\" class=\"bn-cover\" src=\"\/wp-content\/uploads\/2024\/02\/reserva-slide-1-bn.png\" alt=\"slide 1 b&n\">\n            <\/div>\n            <div class=\"swiper-slide\">\n                <img decoding=\"async\" src=\"\/wp-content\/uploads\/2024\/02\/reserva-slide-2-color.jpg\" alt=\"slide 2 color\">\n                <img decoding=\"async\" class=\"bn-cover\" src=\"\/wp-content\/uploads\/2024\/02\/reserva-slide-2-bn.png\" alt=\"slide 2 b&n\">\n            <\/div>\n            <div class=\"swiper-slide\">\n                <img decoding=\"async\" src=\"\/wp-content\/uploads\/2024\/02\/reserva-slide-3-color.jpg\" alt=\"slide 3 color\">\n                <img decoding=\"async\" class=\"bn-cover\" src=\"\/wp-content\/uploads\/2024\/02\/reserva-slide-3-bn.png\" alt=\"slide 3 b&n\">\n            <\/div>\n        <\/div>\n    <\/div>\n<\/p>\n","protected":false},"author":1,"featured_media":0,"parent":0,"menu_order":0,"comment_status":"closed","ping_status":"closed","template":"","meta":{"_et_pb_use_builder":"on","_et_pb_old_content":"<p>[et_pb_section fb_built=\"1\" _builder_version=\"4.21.0\" _module_preset=\"default\" background_image=\"https:\/\/ukiyoroom.es\/wp-content\/uploads\/2024\/02\/reservas-bg.png\" global_colors_info=\"{}\"][et_pb_row column_structure=\"1_2,1_2\" _builder_version=\"4.21.0\" _module_preset=\"default\" global_colors_info=\"{}\"][et_pb_column type=\"1_2\" _builder_version=\"4.21.0\" _module_preset=\"default\" global_colors_info=\"{}\"][et_pb_text _builder_version=\"4.21.0\" _module_preset=\"default\" global_colors_info=\"{}\"]<\/p><h2 style=\"text-align: center;\">te esperamos<\/h2><p>[\/et_pb_text][et_pb_text _builder_version=\"4.21.0\" _module_preset=\"default\" hover_enabled=\"0\" global_colors_info=\"{}\" sticky_enabled=\"0\"]<\/p><p style=\"text-align: center;\"><img class=\"alignleft wp-image-77 size-full\" src=\"https:\/\/ukiyoroom.es\/wp-content\/uploads\/2024\/02\/location-icon.svg\" alt=\"\" \/>C\/ Torrecilla del Puerto, 5, 28043 Madrid<\/p><p style=\"text-align: center;\">Reserva tu cita<br \/>en 915 562 978 \/ 649 542 682<br \/>u en <span style=\"text-decoration: underline;\">online<\/span><\/p><p style=\"text-align: center;\">Haz tus consultas en<br \/><a href=\"mailt:info@ukiyo-room.es\">info@ukiyo-room.es<\/a><\/p><p>[\/et_pb_text][\/et_pb_column][et_pb_column type=\"1_2\" _builder_version=\"4.21.0\" _module_preset=\"default\" global_colors_info=\"{}\"][et_pb_code _builder_version=\"4.21.0\" _module_preset=\"default\" global_colors_info=\"{}\"][swiper_reserva][\/et_pb_code][\/et_pb_column][\/et_pb_row][\/et_pb_section]<\/p>","_et_gb_content_width":"","footnotes":""},"class_list":["post-191","page","type-page","status-publish","hentry"],"acf":[],"yoast_head":"<!-- This site is optimized with the Yoast SEO Premium plugin v20.12 (Yoast SEO v24.9) - https:\/\/yoast.com\/wordpress\/plugins\/seo\/ -->\n<title>R\u00e9servation - Ukiyo<\/title>\n<meta name=\"description\" content=\"Beaut\u00e9, cosm\u00e9tiques et soins personnels.\" \/>\n<meta name=\"robots\" content=\"index, follow, max-snippet:-1, max-image-preview:large, max-video-preview:-1\" \/>\n<link rel=\"canonical\" href=\"https:\/\/ukiyoroom.es\/fr\/reservation\/\" \/>\n<meta property=\"og:locale\" content=\"fr_FR\" \/>\n<meta property=\"og:type\" content=\"article\" \/>\n<meta property=\"og:title\" content=\"R\u00e9servation\" \/>\n<meta property=\"og:description\" content=\"Beaut\u00e9, cosm\u00e9tiques et soins personnels.\" \/>\n<meta property=\"og:url\" content=\"https:\/\/ukiyoroom.es\/fr\/reservation\/\" \/>\n<meta property=\"og:site_name\" content=\"Ukiyo\" \/>\n<meta property=\"article:modified_time\" content=\"2025-04-23T11:39:08+00:00\" \/>\n<meta property=\"og:image\" content=\"https:\/\/ukiyoroom.es\/wp-content\/uploads\/2024\/04\/sharing-social.jpg\" \/>\n\t<meta property=\"og:image:width\" content=\"1200\" \/>\n\t<meta property=\"og:image:height\" content=\"630\" \/>\n\t<meta property=\"og:image:type\" content=\"image\/jpeg\" \/>\n<meta name=\"twitter:card\" content=\"summary_large_image\" \/>\n<meta name=\"twitter:label1\" content=\"Dur\u00e9e de lecture estim\u00e9e\" \/>\n\t<meta name=\"twitter:data1\" content=\"2 minutes\" \/>\n<script type=\"application\/ld+json\" class=\"yoast-schema-graph\">{\"@context\":\"https:\/\/schema.org\",\"@graph\":[{\"@type\":\"WebPage\",\"@id\":\"https:\/\/ukiyoroom.es\/fr\/reservation\/\",\"url\":\"https:\/\/ukiyoroom.es\/fr\/reservation\/\",\"name\":\"R\u00e9servation - Ukiyo\",\"isPartOf\":{\"@id\":\"https:\/\/ukiyoroom.es\/fr\/#website\"},\"primaryImageOfPage\":{\"@id\":\"https:\/\/ukiyoroom.es\/fr\/reservation\/#primaryimage\"},\"image\":{\"@id\":\"https:\/\/ukiyoroom.es\/fr\/reservation\/#primaryimage\"},\"thumbnailUrl\":\"https:\/\/ukiyoroom.es\/wp-content\/uploads\/2024\/02\/location-icon.svg\",\"datePublished\":\"2024-02-27T09:14:50+00:00\",\"dateModified\":\"2025-04-23T11:39:08+00:00\",\"description\":\"Beaut\u00e9, cosm\u00e9tiques et soins personnels.\",\"breadcrumb\":{\"@id\":\"https:\/\/ukiyoroom.es\/fr\/reservation\/#breadcrumb\"},\"inLanguage\":\"fr-FR\",\"potentialAction\":[{\"@type\":\"ReadAction\",\"target\":[\"https:\/\/ukiyoroom.es\/fr\/reservation\/\"]}]},{\"@type\":\"ImageObject\",\"inLanguage\":\"fr-FR\",\"@id\":\"https:\/\/ukiyoroom.es\/fr\/reservation\/#primaryimage\",\"url\":\"https:\/\/ukiyoroom.es\/wp-content\/uploads\/2024\/02\/location-icon.svg\",\"contentUrl\":\"https:\/\/ukiyoroom.es\/wp-content\/uploads\/2024\/02\/location-icon.svg\"},{\"@type\":\"BreadcrumbList\",\"@id\":\"https:\/\/ukiyoroom.es\/fr\/reservation\/#breadcrumb\",\"itemListElement\":[{\"@type\":\"ListItem\",\"position\":1,\"name\":\"Portada\",\"item\":\"https:\/\/ukiyoroom.es\/fr\/\"},{\"@type\":\"ListItem\",\"position\":2,\"name\":\"R\u00e9servation\"}]},{\"@type\":\"WebSite\",\"@id\":\"https:\/\/ukiyoroom.es\/fr\/#website\",\"url\":\"https:\/\/ukiyoroom.es\/fr\/\",\"name\":\"Ukiyo\",\"description\":\"\",\"potentialAction\":[{\"@type\":\"SearchAction\",\"target\":{\"@type\":\"EntryPoint\",\"urlTemplate\":\"https:\/\/ukiyoroom.es\/fr\/?s={search_term_string}\"},\"query-input\":{\"@type\":\"PropertyValueSpecification\",\"valueRequired\":true,\"valueName\":\"search_term_string\"}}],\"inLanguage\":\"fr-FR\"}]}<\/script>\n<!-- \/ Yoast SEO Premium plugin. -->","yoast_head_json":{"title":"R\u00e9servation - Ukiyo","description":"Beaut\u00e9, cosm\u00e9tiques et soins personnels.","robots":{"index":"index","follow":"follow","max-snippet":"max-snippet:-1","max-image-preview":"max-image-preview:large","max-video-preview":"max-video-preview:-1"},"canonical":"https:\/\/ukiyoroom.es\/fr\/reservation\/","og_locale":"fr_FR","og_type":"article","og_title":"R\u00e9servation","og_description":"Beaut\u00e9, cosm\u00e9tiques et soins personnels.","og_url":"https:\/\/ukiyoroom.es\/fr\/reservation\/","og_site_name":"Ukiyo","article_modified_time":"2025-04-23T11:39:08+00:00","og_image":[{"width":1200,"height":630,"url":"https:\/\/ukiyoroom.es\/wp-content\/uploads\/2024\/04\/sharing-social.jpg","type":"image\/jpeg"}],"twitter_card":"summary_large_image","twitter_misc":{"Dur\u00e9e de lecture estim\u00e9e":"2 minutes"},"schema":{"@context":"https:\/\/schema.org","@graph":[{"@type":"WebPage","@id":"https:\/\/ukiyoroom.es\/fr\/reservation\/","url":"https:\/\/ukiyoroom.es\/fr\/reservation\/","name":"R\u00e9servation - Ukiyo","isPartOf":{"@id":"https:\/\/ukiyoroom.es\/fr\/#website"},"primaryImageOfPage":{"@id":"https:\/\/ukiyoroom.es\/fr\/reservation\/#primaryimage"},"image":{"@id":"https:\/\/ukiyoroom.es\/fr\/reservation\/#primaryimage"},"thumbnailUrl":"https:\/\/ukiyoroom.es\/wp-content\/uploads\/2024\/02\/location-icon.svg","datePublished":"2024-02-27T09:14:50+00:00","dateModified":"2025-04-23T11:39:08+00:00","description":"Beaut\u00e9, cosm\u00e9tiques et soins personnels.","breadcrumb":{"@id":"https:\/\/ukiyoroom.es\/fr\/reservation\/#breadcrumb"},"inLanguage":"fr-FR","potentialAction":[{"@type":"ReadAction","target":["https:\/\/ukiyoroom.es\/fr\/reservation\/"]}]},{"@type":"ImageObject","inLanguage":"fr-FR","@id":"https:\/\/ukiyoroom.es\/fr\/reservation\/#primaryimage","url":"https:\/\/ukiyoroom.es\/wp-content\/uploads\/2024\/02\/location-icon.svg","contentUrl":"https:\/\/ukiyoroom.es\/wp-content\/uploads\/2024\/02\/location-icon.svg"},{"@type":"BreadcrumbList","@id":"https:\/\/ukiyoroom.es\/fr\/reservation\/#breadcrumb","itemListElement":[{"@type":"ListItem","position":1,"name":"Portada","item":"https:\/\/ukiyoroom.es\/fr\/"},{"@type":"ListItem","position":2,"name":"R\u00e9servation"}]},{"@type":"WebSite","@id":"https:\/\/ukiyoroom.es\/fr\/#website","url":"https:\/\/ukiyoroom.es\/fr\/","name":"Ukiyo","description":"","potentialAction":[{"@type":"SearchAction","target":{"@type":"EntryPoint","urlTemplate":"https:\/\/ukiyoroom.es\/fr\/?s={search_term_string}"},"query-input":{"@type":"PropertyValueSpecification","valueRequired":true,"valueName":"search_term_string"}}],"inLanguage":"fr-FR"}]}},"_links":{"self":[{"href":"https:\/\/ukiyoroom.es\/fr\/wp-json\/wp\/v2\/pages\/191","targetHints":{"allow":["GET"]}}],"collection":[{"href":"https:\/\/ukiyoroom.es\/fr\/wp-json\/wp\/v2\/pages"}],"about":[{"href":"https:\/\/ukiyoroom.es\/fr\/wp-json\/wp\/v2\/types\/page"}],"author":[{"embeddable":true,"href":"https:\/\/ukiyoroom.es\/fr\/wp-json\/wp\/v2\/users\/1"}],"replies":[{"embeddable":true,"href":"https:\/\/ukiyoroom.es\/fr\/wp-json\/wp\/v2\/comments?post=191"}],"version-history":[{"count":18,"href":"https:\/\/ukiyoroom.es\/fr\/wp-json\/wp\/v2\/pages\/191\/revisions"}],"predecessor-version":[{"id":941,"href":"https:\/\/ukiyoroom.es\/fr\/wp-json\/wp\/v2\/pages\/191\/revisions\/941"}],"wp:attachment":[{"href":"https:\/\/ukiyoroom.es\/fr\/wp-json\/wp\/v2\/media?parent=191"}],"curies":[{"name":"wp","href":"https:\/\/api.w.org\/{rel}","templated":true}]}}