{"id":173,"date":"2024-02-27T10:14:42","date_gmt":"2024-02-27T09:14:42","guid":{"rendered":"https:\/\/ukiyoroom.es\/?page_id=173"},"modified":"2025-04-25T12:38:08","modified_gmt":"2025-04-25T10:38:08","slug":"qui-sommes-nous","status":"publish","type":"page","link":"https:\/\/ukiyoroom.es\/fr\/qui-sommes-nous\/","title":{"rendered":"Qui sommes-nous?"},"content":{"rendered":"<p>[et_pb_section fb_built=\u00a0\u00bb1&Prime; _builder_version=\u00a0\u00bb4.21.0&Prime; _module_preset=\u00a0\u00bbdefault\u00a0\u00bb background_image=\u00a0\u00bbhttps:\/\/ukiyoroom.es\/wp-content\/uploads\/2024\/02\/quienes-somos-bg.png\u00a0\u00bb global_colors_info=\u00a0\u00bb{}\u00a0\u00bb][et_pb_row _builder_version=\u00a0\u00bb4.21.0&Prime; _module_preset=\u00a0\u00bbdefault\u00a0\u00bb global_colors_info=\u00a0\u00bb{}\u00a0\u00bb][et_pb_column type=\u00a0\u00bb4_4&Prime; _builder_version=\u00a0\u00bb4.21.0&Prime; _module_preset=\u00a0\u00bbdefault\u00a0\u00bb global_colors_info=\u00a0\u00bb{}\u00a0\u00bb][et_pb_text _builder_version=\u00a0\u00bb4.21.0&Prime; _module_preset=\u00a0\u00bbdefault\u00a0\u00bb global_colors_info=\u00a0\u00bb{}\u00a0\u00bb]<\/p>\n<h1 style=\"text-align: center;\">qui sommes-nous?<\/h1>\n<p>[\/et_pb_text][et_pb_text _builder_version=\u00a0\u00bb4.21.0&Prime; _module_preset=\u00a0\u00bbdefault\u00a0\u00bb animation_style=\u00a0\u00bbfade\u00a0\u00bb global_colors_info=\u00a0\u00bb{}\u00a0\u00bb]<\/p>\n<p style=\"text-align: center;\"><strong>Ukiyo<\/strong> est un terme japonais qui signifie \u00abmonde flottant\u00bb. Un carpe diem qui fait r\u00e9f\u00e9rence\u00e0 <strong>l\u2019importance de vivre, jouir et profiter du pr\u00e9sent.<\/strong><\/p>\n<p>[\/et_pb_text][et_pb_text _builder_version=\u00a0\u00bb4.21.0&Prime; _module_preset=\u00a0\u00bbdefault\u00a0\u00bb animation_style=\u00a0\u00bbfade\u00a0\u00bb animation_delay=\u00a0\u00bb1200ms\u00a0\u00bb global_colors_info=\u00a0\u00bb{}\u00a0\u00bb]<\/p>\n<p style=\"text-align: center;\">Une philosophie de la vie centr\u00e9e uniquement sur le bonheur et maintenant aussi, <strong>un espace unique<\/strong> \u00e0 Madrid pour prendre soin de soi et essayer de retenir la fugacit\u00e9 du temps.<\/p>\n<p>[\/et_pb_text][et_pb_text _builder_version=\u00a0\u00bb4.27.4&Prime; _module_preset=\u00a0\u00bbdefault\u00a0\u00bb animation_style=\u00a0\u00bbfade\u00a0\u00bb animation_delay=\u00a0\u00bb2400ms\u00a0\u00bb hover_enabled=\u00a0\u00bb0&Prime; global_colors_info=\u00a0\u00bb{}\u00a0\u00bb sticky_enabled=\u00a0\u00bb0&Prime;]<\/p>\n<p style=\"text-align: center;\">Un univers que vous pouvez suivre en d\u00e9couvrant :\u00a0<a href=\"https:\/\/www.instagram.com\/ukiyo.room\/\" target=\"_blank\" rel=\"noopener\"><span class=\"red\">@ukiyo<\/span><\/a><\/p>\n<p>[\/et_pb_text][\/et_pb_column][\/et_pb_row][\/et_pb_section]<\/p>\n","protected":false},"excerpt":{"rendered":"<p>qui sommes-nous?Ukiyo est un terme japonais qui signifie \u00abmonde flottant\u00bb. Un carpe diem qui fait r\u00e9f\u00e9rence\u00e0 l\u2019importance de vivre, jouir et profiter du pr\u00e9sent.Une philosophie de la vie centr\u00e9e uniquement sur le bonheur et maintenant aussi, un espace unique \u00e0 Madrid pour prendre soin de soi et essayer de retenir la fugacit\u00e9 du temps.Un univers [&hellip;]<\/p>\n","protected":false},"author":1,"featured_media":0,"parent":0,"menu_order":0,"comment_status":"closed","ping_status":"closed","template":"","meta":{"_et_pb_use_builder":"on","_et_pb_old_content":"<p>[et_pb_section fb_built=\"1\" _builder_version=\"4.21.0\" _module_preset=\"default\" background_image=\"https:\/\/ukiyoroom.es\/wp-content\/uploads\/2024\/02\/quienes-somos-bg.png\" global_colors_info=\"{}\"][et_pb_row _builder_version=\"4.21.0\" _module_preset=\"default\" global_colors_info=\"{}\"][et_pb_column type=\"4_4\" _builder_version=\"4.21.0\" _module_preset=\"default\" global_colors_info=\"{}\"][et_pb_text _builder_version=\"4.21.0\" _module_preset=\"default\" hover_enabled=\"0\" global_colors_info=\"{}\" sticky_enabled=\"0\"]<\/p><h1 style=\"text-align: center;\">about us<\/h1><p>[\/et_pb_text][et_pb_text _builder_version=\"4.21.0\" _module_preset=\"default\" animation_style=\"fade\" hover_enabled=\"0\" global_colors_info=\"{}\" sticky_enabled=\"0\"]<\/p><p style=\"text-align: center;\"><strong>ukiyo<\/strong> is a Japanese term which means floating world. A carpe diem that refers to the importance of living, enjoying, and taking advantage of the present moment.<\/p><p>[\/et_pb_text][et_pb_text _builder_version=\"4.21.0\" _module_preset=\"default\" animation_style=\"fade\" animation_delay=\"1200ms\" hover_enabled=\"0\" global_colors_info=\"{}\" sticky_enabled=\"0\"]<\/p><p style=\"text-align: center;\">A philosophy of life focused solely on happiness, and now also an exclusive space in Madrid to take care of yourself, and to help stop the fleeting nature of time.<\/p><p>[\/et_pb_text][et_pb_text _builder_version=\"4.21.0\" _module_preset=\"default\" animation_style=\"fade\" animation_delay=\"2400ms\" hover_enabled=\"0\" global_colors_info=\"{}\" sticky_enabled=\"0\"]<\/p><p style=\"text-align: center;\">A universe that you can continue to discover at <a href=\"https:\/\/www.instagram.com\/ukiyo.madrid\/\" target=\"_blank\" rel=\"noopener\"><span class=\"red\">@ukiyo<\/span><\/a><\/p><p>[\/et_pb_text][\/et_pb_column][\/et_pb_row][\/et_pb_section]<\/p>","_et_gb_content_width":"","footnotes":""},"class_list":["post-173","page","type-page","status-publish","hentry"],"acf":[],"yoast_head":"<!-- This site is optimized with the Yoast SEO Premium plugin v20.12 (Yoast SEO v24.9) - https:\/\/yoast.com\/wordpress\/plugins\/seo\/ -->\n<title>Qui sommes-nous? - Ukiyo<\/title>\n<meta name=\"description\" content=\"Beaut\u00e9, cosm\u00e9tiques et soins personnels.\" \/>\n<meta name=\"robots\" content=\"index, follow, max-snippet:-1, max-image-preview:large, max-video-preview:-1\" \/>\n<link rel=\"canonical\" href=\"https:\/\/ukiyoroom.es\/fr\/qui-sommes-nous\/\" \/>\n<meta property=\"og:locale\" content=\"fr_FR\" \/>\n<meta property=\"og:type\" content=\"article\" \/>\n<meta property=\"og:title\" content=\"Qui sommes-nous?\" \/>\n<meta property=\"og:description\" content=\"Beaut\u00e9, cosm\u00e9tiques et soins personnels.\" \/>\n<meta property=\"og:url\" content=\"https:\/\/ukiyoroom.es\/fr\/qui-sommes-nous\/\" \/>\n<meta property=\"og:site_name\" content=\"Ukiyo\" \/>\n<meta property=\"article:modified_time\" content=\"2025-04-25T10:38:08+00:00\" \/>\n<meta property=\"og:image\" content=\"https:\/\/ukiyoroom.es\/wp-content\/uploads\/2024\/04\/sharing-social.jpg\" \/>\n\t<meta property=\"og:image:width\" content=\"1200\" \/>\n\t<meta property=\"og:image:height\" content=\"630\" \/>\n\t<meta property=\"og:image:type\" content=\"image\/jpeg\" \/>\n<meta name=\"twitter:card\" content=\"summary_large_image\" \/>\n<meta name=\"twitter:label1\" content=\"Dur\u00e9e de lecture estim\u00e9e\" \/>\n\t<meta name=\"twitter:data1\" content=\"1 minute\" \/>\n<script type=\"application\/ld+json\" class=\"yoast-schema-graph\">{\"@context\":\"https:\/\/schema.org\",\"@graph\":[{\"@type\":\"WebPage\",\"@id\":\"https:\/\/ukiyoroom.es\/fr\/qui-sommes-nous\/\",\"url\":\"https:\/\/ukiyoroom.es\/fr\/qui-sommes-nous\/\",\"name\":\"Qui sommes-nous? - Ukiyo\",\"isPartOf\":{\"@id\":\"https:\/\/ukiyoroom.es\/fr\/#website\"},\"datePublished\":\"2024-02-27T09:14:42+00:00\",\"dateModified\":\"2025-04-25T10:38:08+00:00\",\"description\":\"Beaut\u00e9, cosm\u00e9tiques et soins personnels.\",\"breadcrumb\":{\"@id\":\"https:\/\/ukiyoroom.es\/fr\/qui-sommes-nous\/#breadcrumb\"},\"inLanguage\":\"fr-FR\",\"potentialAction\":[{\"@type\":\"ReadAction\",\"target\":[\"https:\/\/ukiyoroom.es\/fr\/qui-sommes-nous\/\"]}]},{\"@type\":\"BreadcrumbList\",\"@id\":\"https:\/\/ukiyoroom.es\/fr\/qui-sommes-nous\/#breadcrumb\",\"itemListElement\":[{\"@type\":\"ListItem\",\"position\":1,\"name\":\"Portada\",\"item\":\"https:\/\/ukiyoroom.es\/fr\/\"},{\"@type\":\"ListItem\",\"position\":2,\"name\":\"Qui sommes-nous?\"}]},{\"@type\":\"WebSite\",\"@id\":\"https:\/\/ukiyoroom.es\/fr\/#website\",\"url\":\"https:\/\/ukiyoroom.es\/fr\/\",\"name\":\"Ukiyo\",\"description\":\"\",\"potentialAction\":[{\"@type\":\"SearchAction\",\"target\":{\"@type\":\"EntryPoint\",\"urlTemplate\":\"https:\/\/ukiyoroom.es\/fr\/?s={search_term_string}\"},\"query-input\":{\"@type\":\"PropertyValueSpecification\",\"valueRequired\":true,\"valueName\":\"search_term_string\"}}],\"inLanguage\":\"fr-FR\"}]}<\/script>\n<!-- \/ Yoast SEO Premium plugin. -->","yoast_head_json":{"title":"Qui sommes-nous? - Ukiyo","description":"Beaut\u00e9, cosm\u00e9tiques et soins personnels.","robots":{"index":"index","follow":"follow","max-snippet":"max-snippet:-1","max-image-preview":"max-image-preview:large","max-video-preview":"max-video-preview:-1"},"canonical":"https:\/\/ukiyoroom.es\/fr\/qui-sommes-nous\/","og_locale":"fr_FR","og_type":"article","og_title":"Qui sommes-nous?","og_description":"Beaut\u00e9, cosm\u00e9tiques et soins personnels.","og_url":"https:\/\/ukiyoroom.es\/fr\/qui-sommes-nous\/","og_site_name":"Ukiyo","article_modified_time":"2025-04-25T10:38:08+00:00","og_image":[{"width":1200,"height":630,"url":"https:\/\/ukiyoroom.es\/wp-content\/uploads\/2024\/04\/sharing-social.jpg","type":"image\/jpeg"}],"twitter_card":"summary_large_image","twitter_misc":{"Dur\u00e9e de lecture estim\u00e9e":"1 minute"},"schema":{"@context":"https:\/\/schema.org","@graph":[{"@type":"WebPage","@id":"https:\/\/ukiyoroom.es\/fr\/qui-sommes-nous\/","url":"https:\/\/ukiyoroom.es\/fr\/qui-sommes-nous\/","name":"Qui sommes-nous? - Ukiyo","isPartOf":{"@id":"https:\/\/ukiyoroom.es\/fr\/#website"},"datePublished":"2024-02-27T09:14:42+00:00","dateModified":"2025-04-25T10:38:08+00:00","description":"Beaut\u00e9, cosm\u00e9tiques et soins personnels.","breadcrumb":{"@id":"https:\/\/ukiyoroom.es\/fr\/qui-sommes-nous\/#breadcrumb"},"inLanguage":"fr-FR","potentialAction":[{"@type":"ReadAction","target":["https:\/\/ukiyoroom.es\/fr\/qui-sommes-nous\/"]}]},{"@type":"BreadcrumbList","@id":"https:\/\/ukiyoroom.es\/fr\/qui-sommes-nous\/#breadcrumb","itemListElement":[{"@type":"ListItem","position":1,"name":"Portada","item":"https:\/\/ukiyoroom.es\/fr\/"},{"@type":"ListItem","position":2,"name":"Qui sommes-nous?"}]},{"@type":"WebSite","@id":"https:\/\/ukiyoroom.es\/fr\/#website","url":"https:\/\/ukiyoroom.es\/fr\/","name":"Ukiyo","description":"","potentialAction":[{"@type":"SearchAction","target":{"@type":"EntryPoint","urlTemplate":"https:\/\/ukiyoroom.es\/fr\/?s={search_term_string}"},"query-input":{"@type":"PropertyValueSpecification","valueRequired":true,"valueName":"search_term_string"}}],"inLanguage":"fr-FR"}]}},"_links":{"self":[{"href":"https:\/\/ukiyoroom.es\/fr\/wp-json\/wp\/v2\/pages\/173","targetHints":{"allow":["GET"]}}],"collection":[{"href":"https:\/\/ukiyoroom.es\/fr\/wp-json\/wp\/v2\/pages"}],"about":[{"href":"https:\/\/ukiyoroom.es\/fr\/wp-json\/wp\/v2\/types\/page"}],"author":[{"embeddable":true,"href":"https:\/\/ukiyoroom.es\/fr\/wp-json\/wp\/v2\/users\/1"}],"replies":[{"embeddable":true,"href":"https:\/\/ukiyoroom.es\/fr\/wp-json\/wp\/v2\/comments?post=173"}],"version-history":[{"count":17,"href":"https:\/\/ukiyoroom.es\/fr\/wp-json\/wp\/v2\/pages\/173\/revisions"}],"predecessor-version":[{"id":1007,"href":"https:\/\/ukiyoroom.es\/fr\/wp-json\/wp\/v2\/pages\/173\/revisions\/1007"}],"wp:attachment":[{"href":"https:\/\/ukiyoroom.es\/fr\/wp-json\/wp\/v2\/media?parent=173"}],"curies":[{"name":"wp","href":"https:\/\/api.w.org\/{rel}","templated":true}]}}