{"id":166,"date":"2024-02-27T10:14:42","date_gmt":"2024-02-27T09:14:42","guid":{"rendered":"https:\/\/ukiyoroom.es\/?page_id=166"},"modified":"2025-04-25T12:37:25","modified_gmt":"2025-04-25T10:37:25","slug":"about-us","status":"publish","type":"page","link":"https:\/\/ukiyoroom.es\/en\/about-us\/","title":{"rendered":"About us"},"content":{"rendered":"<p>[et_pb_section fb_built=&#8221;1&#8243; _builder_version=&#8221;4.21.0&#8243; _module_preset=&#8221;default&#8221; background_image=&#8221;https:\/\/ukiyoroom.es\/wp-content\/uploads\/2024\/02\/quienes-somos-bg.png&#8221; global_colors_info=&#8221;{}&#8221;][et_pb_row _builder_version=&#8221;4.21.0&#8243; _module_preset=&#8221;default&#8221; global_colors_info=&#8221;{}&#8221;][et_pb_column type=&#8221;4_4&#8243; _builder_version=&#8221;4.21.0&#8243; _module_preset=&#8221;default&#8221; global_colors_info=&#8221;{}&#8221;][et_pb_text _builder_version=&#8221;4.21.0&#8243; _module_preset=&#8221;default&#8221; global_colors_info=&#8221;{}&#8221;]<\/p>\n<h1 style=\"text-align: center;\">about us<\/h1>\n<p>[\/et_pb_text][et_pb_text _builder_version=&#8221;4.21.0&#8243; _module_preset=&#8221;default&#8221; animation_style=&#8221;fade&#8221; global_colors_info=&#8221;{}&#8221;]<\/p>\n<p style=\"text-align: center;\"><strong>ukiyo<\/strong> is a Japanese term which means floating world. A carpe diem that refers to the<strong> importance of living, enjoying, and taking advantage of the present moment.<\/strong><\/p>\n<p>[\/et_pb_text][et_pb_text _builder_version=&#8221;4.21.0&#8243; _module_preset=&#8221;default&#8221; animation_style=&#8221;fade&#8221; animation_delay=&#8221;1200ms&#8221; global_colors_info=&#8221;{}&#8221;]<\/p>\n<p style=\"text-align: center;\">A philosophy of life focused solely on happiness, and now also an <strong>exclusive space<\/strong> in Madrid to take care of yourself, and to help stop the fleeting nature of time.<\/p>\n<p>[\/et_pb_text][et_pb_text _builder_version=&#8221;4.27.4&#8243; _module_preset=&#8221;default&#8221; animation_style=&#8221;fade&#8221; animation_delay=&#8221;2400ms&#8221; hover_enabled=&#8221;0&#8243; global_colors_info=&#8221;{}&#8221; sticky_enabled=&#8221;0&#8243;]<\/p>\n<p style=\"text-align: center;\">A universe that you can continue to discover at <a href=\"https:\/\/www.instagram.com\/ukiyo.room\/\" target=\"_blank\" rel=\"noopener\"><span class=\"red\">@ukiyo<\/span><\/a><\/p>\n<p>[\/et_pb_text][\/et_pb_column][\/et_pb_row][\/et_pb_section]<\/p>\n","protected":false},"excerpt":{"rendered":"<p>about usukiyo is a Japanese term which means floating world. A carpe diem that refers to the importance of living, enjoying, and taking advantage of the present moment.A philosophy of life focused solely on happiness, and now also an exclusive space in Madrid to take care of yourself, and to help stop the fleeting nature [&hellip;]<\/p>\n","protected":false},"author":1,"featured_media":0,"parent":0,"menu_order":0,"comment_status":"closed","ping_status":"closed","template":"","meta":{"_et_pb_use_builder":"on","_et_pb_old_content":"<p>[et_pb_section fb_built=\"1\" _builder_version=\"4.21.0\" _module_preset=\"default\" hover_enabled=\"0\" global_colors_info=\"{}\" title_text=\"quienes-somos-bg\" background_image=\"https:\/\/ukiyoroom.es\/wp-content\/uploads\/2024\/02\/quienes-somos-bg.png\" sticky_enabled=\"0\"][et_pb_row _builder_version=\"4.21.0\" _module_preset=\"default\" global_colors_info=\"{}\"][et_pb_column type=\"4_4\" _builder_version=\"4.21.0\" _module_preset=\"default\" global_colors_info=\"{}\"][et_pb_text _builder_version=\"4.21.0\" _module_preset=\"default\" global_colors_info=\"{}\"]<\/p><h1 style=\"text-align: center;\">qui\u00e9nes somos<\/h1><p>[\/et_pb_text][et_pb_text _builder_version=\"4.21.0\" _module_preset=\"default\" animation_style=\"fade\" global_colors_info=\"{}\"]<\/p><p style=\"text-align: center;\"><strong>ukiyo<\/strong> es un t\u00e9rmino japon\u00e9s cuyo significado es mundo flotante. Un carpe diem que hace referencia a la <strong>importancia de vivir, disfrutar y aprovechar el presente. <\/strong><\/p><p>[\/et_pb_text][et_pb_text _builder_version=\"4.21.0\" _module_preset=\"default\" animation_style=\"fade\" animation_delay=\"1200ms\" global_colors_info=\"{}\"]<\/p><p style=\"text-align: center;\">Una filosof\u00eda de vida centrada \u00fanicamente en la felicidad, y ahora tambi\u00e9n, <strong>un espacio exclusivo<\/strong> en Madrid para cuidarse y tratar de detener la fugacidad del tiempo<\/p><p>[\/et_pb_text][et_pb_text _builder_version=\"4.21.0\" _module_preset=\"default\" animation_style=\"fade\" animation_delay=\"2400ms\" global_colors_info=\"{}\"]<\/p><p style=\"text-align: center;\">Un universo que puedes seguir descubriendo en <a href=\"https:\/\/www.instagram.com\/ukiyo.madrid\/\" target=\"_blank\" rel=\"noopener\"><span class=\"red\">@ukiyo<\/span><\/a><\/p><p>[\/et_pb_text][\/et_pb_column][\/et_pb_row][\/et_pb_section]<\/p>","_et_gb_content_width":"","footnotes":""},"class_list":["post-166","page","type-page","status-publish","hentry"],"acf":[],"yoast_head":"<!-- This site is optimized with the Yoast SEO Premium plugin v20.12 (Yoast SEO v24.9) - https:\/\/yoast.com\/wordpress\/plugins\/seo\/ -->\n<title>About us - Ukiyo<\/title>\n<meta name=\"description\" content=\"Beauty, cosmetics and personal care.\" \/>\n<meta name=\"robots\" content=\"index, follow, max-snippet:-1, max-image-preview:large, max-video-preview:-1\" \/>\n<link rel=\"canonical\" href=\"https:\/\/ukiyoroom.es\/en\/about-us\/\" \/>\n<meta property=\"og:locale\" content=\"en_US\" \/>\n<meta property=\"og:type\" content=\"article\" \/>\n<meta property=\"og:title\" content=\"About us\" \/>\n<meta property=\"og:description\" content=\"Beauty, cosmetics and personal care.\" \/>\n<meta property=\"og:url\" content=\"https:\/\/ukiyoroom.es\/en\/about-us\/\" \/>\n<meta property=\"og:site_name\" content=\"Ukiyo\" \/>\n<meta property=\"article:modified_time\" content=\"2025-04-25T10:37:25+00:00\" \/>\n<meta property=\"og:image\" content=\"https:\/\/ukiyoroom.es\/wp-content\/uploads\/2024\/04\/sharing-social.jpg\" \/>\n\t<meta property=\"og:image:width\" content=\"1200\" \/>\n\t<meta property=\"og:image:height\" content=\"630\" \/>\n\t<meta property=\"og:image:type\" content=\"image\/jpeg\" \/>\n<meta name=\"twitter:card\" content=\"summary_large_image\" \/>\n<meta name=\"twitter:label1\" content=\"Est. reading time\" \/>\n\t<meta name=\"twitter:data1\" content=\"1 minute\" \/>\n<script type=\"application\/ld+json\" class=\"yoast-schema-graph\">{\"@context\":\"https:\/\/schema.org\",\"@graph\":[{\"@type\":\"WebPage\",\"@id\":\"https:\/\/ukiyoroom.es\/en\/about-us\/\",\"url\":\"https:\/\/ukiyoroom.es\/en\/about-us\/\",\"name\":\"About us - Ukiyo\",\"isPartOf\":{\"@id\":\"https:\/\/ukiyoroom.es\/en\/#website\"},\"datePublished\":\"2024-02-27T09:14:42+00:00\",\"dateModified\":\"2025-04-25T10:37:25+00:00\",\"description\":\"Beauty, cosmetics and personal care.\",\"breadcrumb\":{\"@id\":\"https:\/\/ukiyoroom.es\/en\/about-us\/#breadcrumb\"},\"inLanguage\":\"en-US\",\"potentialAction\":[{\"@type\":\"ReadAction\",\"target\":[\"https:\/\/ukiyoroom.es\/en\/about-us\/\"]}]},{\"@type\":\"BreadcrumbList\",\"@id\":\"https:\/\/ukiyoroom.es\/en\/about-us\/#breadcrumb\",\"itemListElement\":[{\"@type\":\"ListItem\",\"position\":1,\"name\":\"Portada\",\"item\":\"https:\/\/ukiyoroom.es\/en\/\"},{\"@type\":\"ListItem\",\"position\":2,\"name\":\"About us\"}]},{\"@type\":\"WebSite\",\"@id\":\"https:\/\/ukiyoroom.es\/en\/#website\",\"url\":\"https:\/\/ukiyoroom.es\/en\/\",\"name\":\"Ukiyo\",\"description\":\"\",\"potentialAction\":[{\"@type\":\"SearchAction\",\"target\":{\"@type\":\"EntryPoint\",\"urlTemplate\":\"https:\/\/ukiyoroom.es\/en\/?s={search_term_string}\"},\"query-input\":{\"@type\":\"PropertyValueSpecification\",\"valueRequired\":true,\"valueName\":\"search_term_string\"}}],\"inLanguage\":\"en-US\"}]}<\/script>\n<!-- \/ Yoast SEO Premium plugin. -->","yoast_head_json":{"title":"About us - Ukiyo","description":"Beauty, cosmetics and personal care.","robots":{"index":"index","follow":"follow","max-snippet":"max-snippet:-1","max-image-preview":"max-image-preview:large","max-video-preview":"max-video-preview:-1"},"canonical":"https:\/\/ukiyoroom.es\/en\/about-us\/","og_locale":"en_US","og_type":"article","og_title":"About us","og_description":"Beauty, cosmetics and personal care.","og_url":"https:\/\/ukiyoroom.es\/en\/about-us\/","og_site_name":"Ukiyo","article_modified_time":"2025-04-25T10:37:25+00:00","og_image":[{"width":1200,"height":630,"url":"https:\/\/ukiyoroom.es\/wp-content\/uploads\/2024\/04\/sharing-social.jpg","type":"image\/jpeg"}],"twitter_card":"summary_large_image","twitter_misc":{"Est. reading time":"1 minute"},"schema":{"@context":"https:\/\/schema.org","@graph":[{"@type":"WebPage","@id":"https:\/\/ukiyoroom.es\/en\/about-us\/","url":"https:\/\/ukiyoroom.es\/en\/about-us\/","name":"About us - Ukiyo","isPartOf":{"@id":"https:\/\/ukiyoroom.es\/en\/#website"},"datePublished":"2024-02-27T09:14:42+00:00","dateModified":"2025-04-25T10:37:25+00:00","description":"Beauty, cosmetics and personal care.","breadcrumb":{"@id":"https:\/\/ukiyoroom.es\/en\/about-us\/#breadcrumb"},"inLanguage":"en-US","potentialAction":[{"@type":"ReadAction","target":["https:\/\/ukiyoroom.es\/en\/about-us\/"]}]},{"@type":"BreadcrumbList","@id":"https:\/\/ukiyoroom.es\/en\/about-us\/#breadcrumb","itemListElement":[{"@type":"ListItem","position":1,"name":"Portada","item":"https:\/\/ukiyoroom.es\/en\/"},{"@type":"ListItem","position":2,"name":"About us"}]},{"@type":"WebSite","@id":"https:\/\/ukiyoroom.es\/en\/#website","url":"https:\/\/ukiyoroom.es\/en\/","name":"Ukiyo","description":"","potentialAction":[{"@type":"SearchAction","target":{"@type":"EntryPoint","urlTemplate":"https:\/\/ukiyoroom.es\/en\/?s={search_term_string}"},"query-input":{"@type":"PropertyValueSpecification","valueRequired":true,"valueName":"search_term_string"}}],"inLanguage":"en-US"}]}},"_links":{"self":[{"href":"https:\/\/ukiyoroom.es\/en\/wp-json\/wp\/v2\/pages\/166","targetHints":{"allow":["GET"]}}],"collection":[{"href":"https:\/\/ukiyoroom.es\/en\/wp-json\/wp\/v2\/pages"}],"about":[{"href":"https:\/\/ukiyoroom.es\/en\/wp-json\/wp\/v2\/types\/page"}],"author":[{"embeddable":true,"href":"https:\/\/ukiyoroom.es\/en\/wp-json\/wp\/v2\/users\/1"}],"replies":[{"embeddable":true,"href":"https:\/\/ukiyoroom.es\/en\/wp-json\/wp\/v2\/comments?post=166"}],"version-history":[{"count":17,"href":"https:\/\/ukiyoroom.es\/en\/wp-json\/wp\/v2\/pages\/166\/revisions"}],"predecessor-version":[{"id":1006,"href":"https:\/\/ukiyoroom.es\/en\/wp-json\/wp\/v2\/pages\/166\/revisions\/1006"}],"wp:attachment":[{"href":"https:\/\/ukiyoroom.es\/en\/wp-json\/wp\/v2\/media?parent=166"}],"curies":[{"name":"wp","href":"https:\/\/api.w.org\/{rel}","templated":true}]}}